{"id":3836,"date":"2025-11-20T17:02:40","date_gmt":"2025-11-20T16:02:40","guid":{"rendered":"https:\/\/www.rocketdoorframes.com\/?post_type=product&#038;p=3836"},"modified":"2025-12-10T09:19:34","modified_gmt":"2025-12-10T08:19:34","slug":"amortiguador-doble","status":"publish","type":"product","link":"https:\/\/www.rocketdoorframes.com\/es\/door-frames\/amortiguador-doble\/","title":{"rendered":"Amortiguador Doble"},"content":{"rendered":"<p>El Amortiguador asegura la apertura y el cierre suave de la puerta.<\/p>\n<ul>\n<li>Cierra las puertas hasta 130 libras<\/li>\n<li>Se necesitan dos cierres blandos para las puertas dobles<\/li>\n<li><a href=\"https:\/\/www.rocketdoorframes.com\/wp-content\/uploads\/2025\/12\/Instruction_Soft-Close-Double_V1_092025-1.pdf\" target=\"_blank\" rel=\"noopener\">Haga clic aqu\u00ed<\/a> para descargar las instrucciones de instalaci\u00f3n<\/li>\n<li>El cierre suave RDF s\u00f3lo es compatible con el kit de puerta corredera RDF<\/li>\n<\/ul>\n","protected":false},"excerpt":{"rendered":"<p>El Amortiguador asegura la apertura y el cierre suave de la puerta. Cierra las puertas hasta 130 libras Se necesitan dos cierres blandos para las puertas dobles Haga clic aqu\u00ed para descargar las instrucciones de instalaci\u00f3n El cierre suave RDF s\u00f3lo es compatible con el kit de puerta corredera RDF<\/p>\n","protected":false},"featured_media":3838,"template":"","meta":{"_seopress_robots_primary_cat":"none","_seopress_titles_title":"","_seopress_titles_desc":"","_seopress_robots_index":""},"product_brand":[],"product_cat":[56],"product_tag":[],"class_list":{"0":"post-3836","1":"product","2":"type-product","3":"status-publish","4":"has-post-thumbnail","6":"product_cat-accesorios","8":"first","9":"instock","10":"shipping-taxable","11":"product-type-simple"},"yoast_head":"<!-- This site is optimized with the Yoast SEO plugin v27.4 - https:\/\/yoast.com\/product\/yoast-seo-wordpress\/ -->\n<title>Amortiguador Doble - Rocket Door Frame<\/title>\n<meta name=\"robots\" content=\"index, follow, max-snippet:-1, max-image-preview:large, max-video-preview:-1\" \/>\n<link rel=\"canonical\" href=\"https:\/\/www.rocketdoorframes.com\/es\/door-frames\/amortiguador-doble\/\" \/>\n<meta property=\"og:locale\" content=\"es_ES\" \/>\n<meta property=\"og:type\" content=\"article\" \/>\n<meta property=\"og:title\" content=\"Amortiguador Doble - Rocket Door Frame\" \/>\n<meta property=\"og:description\" content=\"El Amortiguador asegura la apertura y el cierre suave de la puerta. Cierra las puertas hasta 130 libras Se necesitan dos cierres blandos para las puertas dobles Haga clic aqu\u00ed para descargar las instrucciones de instalaci\u00f3n El cierre suave RDF s\u00f3lo es compatible con el kit de puerta corredera RDF\" \/>\n<meta property=\"og:url\" content=\"https:\/\/www.rocketdoorframes.com\/es\/door-frames\/amortiguador-doble\/\" \/>\n<meta property=\"og:site_name\" content=\"Rocket Door Frame\" \/>\n<meta property=\"article:modified_time\" content=\"2025-12-10T08:19:34+00:00\" \/>\n<meta property=\"og:image\" content=\"http:\/\/www.rocketdoorframes.com\/wp-content\/uploads\/2025\/11\/Soft-close-double.jpg\" \/>\n\t<meta property=\"og:image:width\" content=\"1800\" \/>\n\t<meta property=\"og:image:height\" content=\"1800\" \/>\n\t<meta property=\"og:image:type\" content=\"image\/jpeg\" \/>\n<meta name=\"twitter:card\" content=\"summary_large_image\" \/>\n<meta name=\"twitter:label1\" content=\"Tiempo de lectura\" \/>\n\t<meta name=\"twitter:data1\" content=\"1 minuto\" \/>\n<script type=\"application\/ld+json\" class=\"yoast-schema-graph\">{\"@context\":\"https:\\\/\\\/schema.org\",\"@graph\":[{\"@type\":\"WebPage\",\"@id\":\"https:\\\/\\\/www.rocketdoorframes.com\\\/es\\\/door-frames\\\/amortiguador-doble\\\/\",\"url\":\"https:\\\/\\\/www.rocketdoorframes.com\\\/es\\\/door-frames\\\/amortiguador-doble\\\/\",\"name\":\"Amortiguador Doble - Rocket Door Frame\",\"isPartOf\":{\"@id\":\"https:\\\/\\\/www.rocketdoorframes.com\\\/es\\\/#website\"},\"primaryImageOfPage\":{\"@id\":\"https:\\\/\\\/www.rocketdoorframes.com\\\/es\\\/door-frames\\\/amortiguador-doble\\\/#primaryimage\"},\"image\":{\"@id\":\"https:\\\/\\\/www.rocketdoorframes.com\\\/es\\\/door-frames\\\/amortiguador-doble\\\/#primaryimage\"},\"thumbnailUrl\":\"https:\\\/\\\/www.rocketdoorframes.com\\\/wp-content\\\/uploads\\\/2025\\\/11\\\/Soft-close-double.jpg\",\"datePublished\":\"2025-11-20T16:02:40+00:00\",\"dateModified\":\"2025-12-10T08:19:34+00:00\",\"breadcrumb\":{\"@id\":\"https:\\\/\\\/www.rocketdoorframes.com\\\/es\\\/door-frames\\\/amortiguador-doble\\\/#breadcrumb\"},\"inLanguage\":\"es\",\"potentialAction\":[{\"@type\":\"ReadAction\",\"target\":[\"https:\\\/\\\/www.rocketdoorframes.com\\\/es\\\/door-frames\\\/amortiguador-doble\\\/\"]}]},{\"@type\":\"ImageObject\",\"inLanguage\":\"es\",\"@id\":\"https:\\\/\\\/www.rocketdoorframes.com\\\/es\\\/door-frames\\\/amortiguador-doble\\\/#primaryimage\",\"url\":\"https:\\\/\\\/www.rocketdoorframes.com\\\/wp-content\\\/uploads\\\/2025\\\/11\\\/Soft-close-double.jpg\",\"contentUrl\":\"https:\\\/\\\/www.rocketdoorframes.com\\\/wp-content\\\/uploads\\\/2025\\\/11\\\/Soft-close-double.jpg\",\"width\":1800,\"height\":1800},{\"@type\":\"BreadcrumbList\",\"@id\":\"https:\\\/\\\/www.rocketdoorframes.com\\\/es\\\/door-frames\\\/amortiguador-doble\\\/#breadcrumb\",\"itemListElement\":[{\"@type\":\"ListItem\",\"position\":1,\"name\":\"Portada\",\"item\":\"https:\\\/\\\/www.rocketdoorframes.com\\\/es\\\/\"},{\"@type\":\"ListItem\",\"position\":2,\"name\":\"Sistemas de Puertas Empotradas\",\"item\":\"https:\\\/\\\/www.rocketdoorframes.com\\\/es\\\/sistemas-de-puertas-empotradas\\\/\"},{\"@type\":\"ListItem\",\"position\":3,\"name\":\"Amortiguador Doble\"}]},{\"@type\":\"WebSite\",\"@id\":\"https:\\\/\\\/www.rocketdoorframes.com\\\/es\\\/#website\",\"url\":\"https:\\\/\\\/www.rocketdoorframes.com\\\/es\\\/\",\"name\":\"Rocket Door Frame\",\"description\":\"Rocket Door Frames - Pocket Doors\",\"potentialAction\":[{\"@type\":\"SearchAction\",\"target\":{\"@type\":\"EntryPoint\",\"urlTemplate\":\"https:\\\/\\\/www.rocketdoorframes.com\\\/es\\\/?s={search_term_string}\"},\"query-input\":{\"@type\":\"PropertyValueSpecification\",\"valueRequired\":true,\"valueName\":\"search_term_string\"}}],\"inLanguage\":\"es\"}]}<\/script>\n<!-- \/ Yoast SEO plugin. -->","yoast_head_json":{"title":"Amortiguador Doble - Rocket Door Frame","robots":{"index":"index","follow":"follow","max-snippet":"max-snippet:-1","max-image-preview":"max-image-preview:large","max-video-preview":"max-video-preview:-1"},"canonical":"https:\/\/www.rocketdoorframes.com\/es\/door-frames\/amortiguador-doble\/","og_locale":"es_ES","og_type":"article","og_title":"Amortiguador Doble - Rocket Door Frame","og_description":"El Amortiguador asegura la apertura y el cierre suave de la puerta. Cierra las puertas hasta 130 libras Se necesitan dos cierres blandos para las puertas dobles Haga clic aqu\u00ed para descargar las instrucciones de instalaci\u00f3n El cierre suave RDF s\u00f3lo es compatible con el kit de puerta corredera RDF","og_url":"https:\/\/www.rocketdoorframes.com\/es\/door-frames\/amortiguador-doble\/","og_site_name":"Rocket Door Frame","article_modified_time":"2025-12-10T08:19:34+00:00","og_image":[{"width":1800,"height":1800,"url":"http:\/\/www.rocketdoorframes.com\/wp-content\/uploads\/2025\/11\/Soft-close-double.jpg","type":"image\/jpeg"}],"twitter_card":"summary_large_image","twitter_misc":{"Tiempo de lectura":"1 minuto"},"schema":{"@context":"https:\/\/schema.org","@graph":[{"@type":"WebPage","@id":"https:\/\/www.rocketdoorframes.com\/es\/door-frames\/amortiguador-doble\/","url":"https:\/\/www.rocketdoorframes.com\/es\/door-frames\/amortiguador-doble\/","name":"Amortiguador Doble - Rocket Door Frame","isPartOf":{"@id":"https:\/\/www.rocketdoorframes.com\/es\/#website"},"primaryImageOfPage":{"@id":"https:\/\/www.rocketdoorframes.com\/es\/door-frames\/amortiguador-doble\/#primaryimage"},"image":{"@id":"https:\/\/www.rocketdoorframes.com\/es\/door-frames\/amortiguador-doble\/#primaryimage"},"thumbnailUrl":"https:\/\/www.rocketdoorframes.com\/wp-content\/uploads\/2025\/11\/Soft-close-double.jpg","datePublished":"2025-11-20T16:02:40+00:00","dateModified":"2025-12-10T08:19:34+00:00","breadcrumb":{"@id":"https:\/\/www.rocketdoorframes.com\/es\/door-frames\/amortiguador-doble\/#breadcrumb"},"inLanguage":"es","potentialAction":[{"@type":"ReadAction","target":["https:\/\/www.rocketdoorframes.com\/es\/door-frames\/amortiguador-doble\/"]}]},{"@type":"ImageObject","inLanguage":"es","@id":"https:\/\/www.rocketdoorframes.com\/es\/door-frames\/amortiguador-doble\/#primaryimage","url":"https:\/\/www.rocketdoorframes.com\/wp-content\/uploads\/2025\/11\/Soft-close-double.jpg","contentUrl":"https:\/\/www.rocketdoorframes.com\/wp-content\/uploads\/2025\/11\/Soft-close-double.jpg","width":1800,"height":1800},{"@type":"BreadcrumbList","@id":"https:\/\/www.rocketdoorframes.com\/es\/door-frames\/amortiguador-doble\/#breadcrumb","itemListElement":[{"@type":"ListItem","position":1,"name":"Portada","item":"https:\/\/www.rocketdoorframes.com\/es\/"},{"@type":"ListItem","position":2,"name":"Sistemas de Puertas Empotradas","item":"https:\/\/www.rocketdoorframes.com\/es\/sistemas-de-puertas-empotradas\/"},{"@type":"ListItem","position":3,"name":"Amortiguador Doble"}]},{"@type":"WebSite","@id":"https:\/\/www.rocketdoorframes.com\/es\/#website","url":"https:\/\/www.rocketdoorframes.com\/es\/","name":"Rocket Door Frame","description":"Rocket Door Frames - Pocket Doors","potentialAction":[{"@type":"SearchAction","target":{"@type":"EntryPoint","urlTemplate":"https:\/\/www.rocketdoorframes.com\/es\/?s={search_term_string}"},"query-input":{"@type":"PropertyValueSpecification","valueRequired":true,"valueName":"search_term_string"}}],"inLanguage":"es"}]}},"related_products":false,"_links":{"self":[{"href":"https:\/\/www.rocketdoorframes.com\/es\/wp-json\/wp\/v2\/product\/3836","targetHints":{"allow":["GET"]}}],"collection":[{"href":"https:\/\/www.rocketdoorframes.com\/es\/wp-json\/wp\/v2\/product"}],"about":[{"href":"https:\/\/www.rocketdoorframes.com\/es\/wp-json\/wp\/v2\/types\/product"}],"wp:featuredmedia":[{"embeddable":true,"href":"https:\/\/www.rocketdoorframes.com\/es\/wp-json\/wp\/v2\/media\/3838"}],"wp:attachment":[{"href":"https:\/\/www.rocketdoorframes.com\/es\/wp-json\/wp\/v2\/media?parent=3836"}],"wp:term":[{"taxonomy":"product_brand","embeddable":true,"href":"https:\/\/www.rocketdoorframes.com\/es\/wp-json\/wp\/v2\/product_brand?post=3836"},{"taxonomy":"product_cat","embeddable":true,"href":"https:\/\/www.rocketdoorframes.com\/es\/wp-json\/wp\/v2\/product_cat?post=3836"},{"taxonomy":"product_tag","embeddable":true,"href":"https:\/\/www.rocketdoorframes.com\/es\/wp-json\/wp\/v2\/product_tag?post=3836"}],"curies":[{"name":"wp","href":"https:\/\/api.w.org\/{rel}","templated":true}]}}