{"id":1047,"date":"2019-11-12T10:34:59","date_gmt":"2019-11-12T09:34:59","guid":{"rendered":"http:\/\/www.rocketdoorframes.com\/product\/mecanismo-se-dierre-suave\/"},"modified":"2021-03-16T08:28:02","modified_gmt":"2021-03-16T07:28:02","slug":"mecanismo-de-cierre-suave","status":"publish","type":"product","link":"https:\/\/www.rocketdoorframes.com\/es\/door-frames\/mecanismo-de-cierre-suave\/","title":{"rendered":"Amortiguador"},"content":{"rendered":"<ul>\n<li>Cierra las puertas hasta 130 libras<\/li>\n<li>Se necesitan dos cierres blandos para las puertas dobles<\/li>\n<li><a href=\"http:\/\/www.rocketdoorframes.com\/wp-content\/uploads\/2020\/03\/RDF_US_Instructions_Soft-Close.pdf\" target=\"_blank\" rel=\"noopener\">Haga clic aqu\u00ed<\/a> para descargar las instrucciones de instalaci\u00f3n<\/li>\n<li>El cierre suave RDF s\u00f3lo es compatible con el kit de puerta corredera RDF<\/li>\n<\/ul>\n","protected":false},"excerpt":{"rendered":"<p>Cierra las puertas hasta 130 libras Se necesitan dos cierres blandos para las puertas dobles Haga clic aqu\u00ed para descargar las instrucciones de instalaci\u00f3n El cierre suave RDF s\u00f3lo es compatible con el kit de puerta corredera RDF<\/p>\n","protected":false},"featured_media":1542,"template":"","meta":{"_seopress_robots_primary_cat":"none","_seopress_titles_title":"","_seopress_titles_desc":"","_seopress_robots_index":""},"product_brand":[],"product_cat":[56],"product_tag":[],"class_list":{"0":"post-1047","1":"product","2":"type-product","3":"status-publish","4":"has-post-thumbnail","6":"product_cat-accesorios","8":"first","9":"instock","10":"shipping-taxable","11":"product-type-simple"},"yoast_head":"<!-- This site is optimized with the Yoast SEO plugin v27.5 - https:\/\/yoast.com\/product\/yoast-seo-wordpress\/ -->\n<title>Amortiguador - Rocket Door Frame<\/title>\n<meta name=\"robots\" content=\"index, follow, max-snippet:-1, max-image-preview:large, max-video-preview:-1\" \/>\n<link rel=\"canonical\" href=\"https:\/\/www.rocketdoorframes.com\/es\/door-frames\/mecanismo-de-cierre-suave\/\" \/>\n<meta property=\"og:locale\" content=\"es_ES\" \/>\n<meta property=\"og:type\" content=\"article\" \/>\n<meta property=\"og:title\" content=\"Amortiguador - Rocket Door Frame\" \/>\n<meta property=\"og:description\" content=\"Cierra las puertas hasta 130 libras Se necesitan dos cierres blandos para las puertas dobles Haga clic aqu\u00ed para descargar las instrucciones de instalaci\u00f3n El cierre suave RDF s\u00f3lo es compatible con el kit de puerta corredera RDF\" \/>\n<meta property=\"og:url\" content=\"https:\/\/www.rocketdoorframes.com\/es\/door-frames\/mecanismo-de-cierre-suave\/\" \/>\n<meta property=\"og:site_name\" content=\"Rocket Door Frame\" \/>\n<meta property=\"article:modified_time\" content=\"2021-03-16T07:28:02+00:00\" \/>\n<meta property=\"og:image\" content=\"https:\/\/www.rocketdoorframes.com\/wp-content\/uploads\/2020\/11\/Soft-close.jpg\" \/>\n\t<meta property=\"og:image:width\" content=\"1800\" \/>\n\t<meta property=\"og:image:height\" content=\"1800\" \/>\n\t<meta property=\"og:image:type\" content=\"image\/jpeg\" \/>\n<meta name=\"twitter:card\" content=\"summary_large_image\" \/>\n<meta name=\"twitter:label1\" content=\"Tiempo de lectura\" \/>\n\t<meta name=\"twitter:data1\" content=\"1 minuto\" \/>\n<script type=\"application\/ld+json\" class=\"yoast-schema-graph\">{\"@context\":\"https:\\\/\\\/schema.org\",\"@graph\":[{\"@type\":\"WebPage\",\"@id\":\"https:\\\/\\\/www.rocketdoorframes.com\\\/es\\\/door-frames\\\/mecanismo-de-cierre-suave\\\/\",\"url\":\"https:\\\/\\\/www.rocketdoorframes.com\\\/es\\\/door-frames\\\/mecanismo-de-cierre-suave\\\/\",\"name\":\"Amortiguador - Rocket Door Frame\",\"isPartOf\":{\"@id\":\"https:\\\/\\\/www.rocketdoorframes.com\\\/es\\\/#website\"},\"primaryImageOfPage\":{\"@id\":\"https:\\\/\\\/www.rocketdoorframes.com\\\/es\\\/door-frames\\\/mecanismo-de-cierre-suave\\\/#primaryimage\"},\"image\":{\"@id\":\"https:\\\/\\\/www.rocketdoorframes.com\\\/es\\\/door-frames\\\/mecanismo-de-cierre-suave\\\/#primaryimage\"},\"thumbnailUrl\":\"https:\\\/\\\/www.rocketdoorframes.com\\\/wp-content\\\/uploads\\\/2020\\\/11\\\/Soft-close.jpg\",\"datePublished\":\"2019-11-12T09:34:59+00:00\",\"dateModified\":\"2021-03-16T07:28:02+00:00\",\"breadcrumb\":{\"@id\":\"https:\\\/\\\/www.rocketdoorframes.com\\\/es\\\/door-frames\\\/mecanismo-de-cierre-suave\\\/#breadcrumb\"},\"inLanguage\":\"es\",\"potentialAction\":[{\"@type\":\"ReadAction\",\"target\":[\"https:\\\/\\\/www.rocketdoorframes.com\\\/es\\\/door-frames\\\/mecanismo-de-cierre-suave\\\/\"]}]},{\"@type\":\"ImageObject\",\"inLanguage\":\"es\",\"@id\":\"https:\\\/\\\/www.rocketdoorframes.com\\\/es\\\/door-frames\\\/mecanismo-de-cierre-suave\\\/#primaryimage\",\"url\":\"https:\\\/\\\/www.rocketdoorframes.com\\\/wp-content\\\/uploads\\\/2020\\\/11\\\/Soft-close.jpg\",\"contentUrl\":\"https:\\\/\\\/www.rocketdoorframes.com\\\/wp-content\\\/uploads\\\/2020\\\/11\\\/Soft-close.jpg\",\"width\":1800,\"height\":1800},{\"@type\":\"BreadcrumbList\",\"@id\":\"https:\\\/\\\/www.rocketdoorframes.com\\\/es\\\/door-frames\\\/mecanismo-de-cierre-suave\\\/#breadcrumb\",\"itemListElement\":[{\"@type\":\"ListItem\",\"position\":1,\"name\":\"Portada\",\"item\":\"https:\\\/\\\/www.rocketdoorframes.com\\\/es\\\/\"},{\"@type\":\"ListItem\",\"position\":2,\"name\":\"Sistemas de Puertas Empotradas\",\"item\":\"https:\\\/\\\/www.rocketdoorframes.com\\\/es\\\/sistemas-de-puertas-empotradas\\\/\"},{\"@type\":\"ListItem\",\"position\":3,\"name\":\"Amortiguador\"}]},{\"@type\":\"WebSite\",\"@id\":\"https:\\\/\\\/www.rocketdoorframes.com\\\/es\\\/#website\",\"url\":\"https:\\\/\\\/www.rocketdoorframes.com\\\/es\\\/\",\"name\":\"Rocket Door Frame\",\"description\":\"Rocket Door Frames - Pocket Doors\",\"potentialAction\":[{\"@type\":\"SearchAction\",\"target\":{\"@type\":\"EntryPoint\",\"urlTemplate\":\"https:\\\/\\\/www.rocketdoorframes.com\\\/es\\\/?s={search_term_string}\"},\"query-input\":{\"@type\":\"PropertyValueSpecification\",\"valueRequired\":true,\"valueName\":\"search_term_string\"}}],\"inLanguage\":\"es\"}]}<\/script>\n<!-- \/ Yoast SEO plugin. -->","yoast_head_json":{"title":"Amortiguador - Rocket Door Frame","robots":{"index":"index","follow":"follow","max-snippet":"max-snippet:-1","max-image-preview":"max-image-preview:large","max-video-preview":"max-video-preview:-1"},"canonical":"https:\/\/www.rocketdoorframes.com\/es\/door-frames\/mecanismo-de-cierre-suave\/","og_locale":"es_ES","og_type":"article","og_title":"Amortiguador - Rocket Door Frame","og_description":"Cierra las puertas hasta 130 libras Se necesitan dos cierres blandos para las puertas dobles Haga clic aqu\u00ed para descargar las instrucciones de instalaci\u00f3n El cierre suave RDF s\u00f3lo es compatible con el kit de puerta corredera RDF","og_url":"https:\/\/www.rocketdoorframes.com\/es\/door-frames\/mecanismo-de-cierre-suave\/","og_site_name":"Rocket Door Frame","article_modified_time":"2021-03-16T07:28:02+00:00","og_image":[{"width":1800,"height":1800,"url":"https:\/\/www.rocketdoorframes.com\/wp-content\/uploads\/2020\/11\/Soft-close.jpg","type":"image\/jpeg"}],"twitter_card":"summary_large_image","twitter_misc":{"Tiempo de lectura":"1 minuto"},"schema":{"@context":"https:\/\/schema.org","@graph":[{"@type":"WebPage","@id":"https:\/\/www.rocketdoorframes.com\/es\/door-frames\/mecanismo-de-cierre-suave\/","url":"https:\/\/www.rocketdoorframes.com\/es\/door-frames\/mecanismo-de-cierre-suave\/","name":"Amortiguador - Rocket Door Frame","isPartOf":{"@id":"https:\/\/www.rocketdoorframes.com\/es\/#website"},"primaryImageOfPage":{"@id":"https:\/\/www.rocketdoorframes.com\/es\/door-frames\/mecanismo-de-cierre-suave\/#primaryimage"},"image":{"@id":"https:\/\/www.rocketdoorframes.com\/es\/door-frames\/mecanismo-de-cierre-suave\/#primaryimage"},"thumbnailUrl":"https:\/\/www.rocketdoorframes.com\/wp-content\/uploads\/2020\/11\/Soft-close.jpg","datePublished":"2019-11-12T09:34:59+00:00","dateModified":"2021-03-16T07:28:02+00:00","breadcrumb":{"@id":"https:\/\/www.rocketdoorframes.com\/es\/door-frames\/mecanismo-de-cierre-suave\/#breadcrumb"},"inLanguage":"es","potentialAction":[{"@type":"ReadAction","target":["https:\/\/www.rocketdoorframes.com\/es\/door-frames\/mecanismo-de-cierre-suave\/"]}]},{"@type":"ImageObject","inLanguage":"es","@id":"https:\/\/www.rocketdoorframes.com\/es\/door-frames\/mecanismo-de-cierre-suave\/#primaryimage","url":"https:\/\/www.rocketdoorframes.com\/wp-content\/uploads\/2020\/11\/Soft-close.jpg","contentUrl":"https:\/\/www.rocketdoorframes.com\/wp-content\/uploads\/2020\/11\/Soft-close.jpg","width":1800,"height":1800},{"@type":"BreadcrumbList","@id":"https:\/\/www.rocketdoorframes.com\/es\/door-frames\/mecanismo-de-cierre-suave\/#breadcrumb","itemListElement":[{"@type":"ListItem","position":1,"name":"Portada","item":"https:\/\/www.rocketdoorframes.com\/es\/"},{"@type":"ListItem","position":2,"name":"Sistemas de Puertas Empotradas","item":"https:\/\/www.rocketdoorframes.com\/es\/sistemas-de-puertas-empotradas\/"},{"@type":"ListItem","position":3,"name":"Amortiguador"}]},{"@type":"WebSite","@id":"https:\/\/www.rocketdoorframes.com\/es\/#website","url":"https:\/\/www.rocketdoorframes.com\/es\/","name":"Rocket Door Frame","description":"Rocket Door Frames - Pocket Doors","potentialAction":[{"@type":"SearchAction","target":{"@type":"EntryPoint","urlTemplate":"https:\/\/www.rocketdoorframes.com\/es\/?s={search_term_string}"},"query-input":{"@type":"PropertyValueSpecification","valueRequired":true,"valueName":"search_term_string"}}],"inLanguage":"es"}]}},"related_products":false,"_links":{"self":[{"href":"https:\/\/www.rocketdoorframes.com\/es\/wp-json\/wp\/v2\/product\/1047","targetHints":{"allow":["GET"]}}],"collection":[{"href":"https:\/\/www.rocketdoorframes.com\/es\/wp-json\/wp\/v2\/product"}],"about":[{"href":"https:\/\/www.rocketdoorframes.com\/es\/wp-json\/wp\/v2\/types\/product"}],"wp:featuredmedia":[{"embeddable":true,"href":"https:\/\/www.rocketdoorframes.com\/es\/wp-json\/wp\/v2\/media\/1542"}],"wp:attachment":[{"href":"https:\/\/www.rocketdoorframes.com\/es\/wp-json\/wp\/v2\/media?parent=1047"}],"wp:term":[{"taxonomy":"product_brand","embeddable":true,"href":"https:\/\/www.rocketdoorframes.com\/es\/wp-json\/wp\/v2\/product_brand?post=1047"},{"taxonomy":"product_cat","embeddable":true,"href":"https:\/\/www.rocketdoorframes.com\/es\/wp-json\/wp\/v2\/product_cat?post=1047"},{"taxonomy":"product_tag","embeddable":true,"href":"https:\/\/www.rocketdoorframes.com\/es\/wp-json\/wp\/v2\/product_tag?post=1047"}],"curies":[{"name":"wp","href":"https:\/\/api.w.org\/{rel}","templated":true}]}}