{"id":1046,"date":"2019-11-12T10:33:57","date_gmt":"2019-11-12T09:33:57","guid":{"rendered":"http:\/\/www.rocketdoorframes.com\/product\/mecanismo-de-autocierre\/"},"modified":"2021-03-16T08:29:55","modified_gmt":"2021-03-16T07:29:55","slug":"mecanismo-de-autocierre","status":"publish","type":"product","link":"https:\/\/www.rocketdoorframes.com\/es\/door-frames\/mecanismo-de-autocierre\/","title":{"rendered":"Autocierre"},"content":{"rendered":"<ul>\n<li>Permite que la puerta se cierre autom\u00e1ticamente<\/li>\n<li>S\u00f3lo para las puertas de madera<\/li>\n<li>Adecuado para puerta simple o doble.<\/li>\n<li>Dos mecanismos de cierre autom\u00e1tico para puertas dobles<\/li>\n<li>Cierre ajustable<\/li>\n<li>Haga <a href=\"http:\/\/www.rocketdoorframes.com\/wp-content\/uploads\/2020\/03\/0389.04_RDF_US_Instructions_Self-closing_22_rev1.pdf\" target=\"_blank\" rel=\"noopener\">clic aqu\u00ed<\/a> para descargar las instrucciones de instalaci\u00f3n<\/li>\n<\/ul>\n<p>&nbsp;<\/p>\n<p>\u00bfA\u00fan no est\u00e1s seguro? No dude en enviarnos un correo electr\u00f3nico a <a href=\"mailto:info@rocketdoorframes.com\">info@rocketdoorframes.com<\/a> o llamar al <a href=\"tel: 770-252-2661\">770-252-2661<\/a>.<\/p>\n","protected":false},"excerpt":{"rendered":"<p>Permite que la puerta se cierre autom\u00e1ticamente S\u00f3lo para las puertas de madera Adecuado para puerta simple o doble. Dos mecanismos de cierre autom\u00e1tico para puertas dobles Cierre ajustable Haga clic aqu\u00ed para descargar las instrucciones de instalaci\u00f3n &nbsp; \u00bfA\u00fan no est\u00e1s seguro? No dude en enviarnos un correo electr\u00f3nico a info@rocketdoorframes.com o llamar al [&hellip;]<\/p>\n","protected":false},"featured_media":954,"template":"","meta":{"_seopress_robots_primary_cat":"none","_seopress_titles_title":"","_seopress_titles_desc":"","_seopress_robots_index":""},"product_brand":[],"product_cat":[56],"product_tag":[],"class_list":{"0":"post-1046","1":"product","2":"type-product","3":"status-publish","4":"has-post-thumbnail","6":"product_cat-accesorios","8":"first","9":"instock","10":"shipping-taxable","11":"product-type-simple"},"yoast_head":"<!-- This site is optimized with the Yoast SEO plugin v27.5 - https:\/\/yoast.com\/product\/yoast-seo-wordpress\/ -->\n<title>Autocierre - Rocket Door Frame<\/title>\n<meta name=\"robots\" content=\"index, follow, max-snippet:-1, max-image-preview:large, max-video-preview:-1\" \/>\n<link rel=\"canonical\" href=\"https:\/\/www.rocketdoorframes.com\/es\/door-frames\/mecanismo-de-autocierre\/\" \/>\n<meta property=\"og:locale\" content=\"es_ES\" \/>\n<meta property=\"og:type\" content=\"article\" \/>\n<meta property=\"og:title\" content=\"Autocierre - Rocket Door Frame\" \/>\n<meta property=\"og:description\" content=\"Permite que la puerta se cierre autom\u00e1ticamente S\u00f3lo para las puertas de madera Adecuado para puerta simple o doble. Dos mecanismos de cierre autom\u00e1tico para puertas dobles Cierre ajustable Haga clic aqu\u00ed para descargar las instrucciones de instalaci\u00f3n &nbsp; \u00bfA\u00fan no est\u00e1s seguro? No dude en enviarnos un correo electr\u00f3nico a info@rocketdoorframes.com o llamar al [&hellip;]\" \/>\n<meta property=\"og:url\" content=\"https:\/\/www.rocketdoorframes.com\/es\/door-frames\/mecanismo-de-autocierre\/\" \/>\n<meta property=\"og:site_name\" content=\"Rocket Door Frame\" \/>\n<meta property=\"article:modified_time\" content=\"2021-03-16T07:29:55+00:00\" \/>\n<meta property=\"og:image\" content=\"https:\/\/www.rocketdoorframes.com\/wp-content\/uploads\/2020\/01\/Self_closing-RP.jpg\" \/>\n\t<meta property=\"og:image:width\" content=\"1589\" \/>\n\t<meta property=\"og:image:height\" content=\"1724\" \/>\n\t<meta property=\"og:image:type\" content=\"image\/jpeg\" \/>\n<meta name=\"twitter:card\" content=\"summary_large_image\" \/>\n<meta name=\"twitter:label1\" content=\"Tiempo de lectura\" \/>\n\t<meta name=\"twitter:data1\" content=\"1 minuto\" \/>\n<script type=\"application\/ld+json\" class=\"yoast-schema-graph\">{\"@context\":\"https:\\\/\\\/schema.org\",\"@graph\":[{\"@type\":\"WebPage\",\"@id\":\"https:\\\/\\\/www.rocketdoorframes.com\\\/es\\\/door-frames\\\/mecanismo-de-autocierre\\\/\",\"url\":\"https:\\\/\\\/www.rocketdoorframes.com\\\/es\\\/door-frames\\\/mecanismo-de-autocierre\\\/\",\"name\":\"Autocierre - Rocket Door Frame\",\"isPartOf\":{\"@id\":\"https:\\\/\\\/www.rocketdoorframes.com\\\/es\\\/#website\"},\"primaryImageOfPage\":{\"@id\":\"https:\\\/\\\/www.rocketdoorframes.com\\\/es\\\/door-frames\\\/mecanismo-de-autocierre\\\/#primaryimage\"},\"image\":{\"@id\":\"https:\\\/\\\/www.rocketdoorframes.com\\\/es\\\/door-frames\\\/mecanismo-de-autocierre\\\/#primaryimage\"},\"thumbnailUrl\":\"https:\\\/\\\/www.rocketdoorframes.com\\\/wp-content\\\/uploads\\\/2020\\\/01\\\/Self_closing-RP.jpg\",\"datePublished\":\"2019-11-12T09:33:57+00:00\",\"dateModified\":\"2021-03-16T07:29:55+00:00\",\"breadcrumb\":{\"@id\":\"https:\\\/\\\/www.rocketdoorframes.com\\\/es\\\/door-frames\\\/mecanismo-de-autocierre\\\/#breadcrumb\"},\"inLanguage\":\"es\",\"potentialAction\":[{\"@type\":\"ReadAction\",\"target\":[\"https:\\\/\\\/www.rocketdoorframes.com\\\/es\\\/door-frames\\\/mecanismo-de-autocierre\\\/\"]}]},{\"@type\":\"ImageObject\",\"inLanguage\":\"es\",\"@id\":\"https:\\\/\\\/www.rocketdoorframes.com\\\/es\\\/door-frames\\\/mecanismo-de-autocierre\\\/#primaryimage\",\"url\":\"https:\\\/\\\/www.rocketdoorframes.com\\\/wp-content\\\/uploads\\\/2020\\\/01\\\/Self_closing-RP.jpg\",\"contentUrl\":\"https:\\\/\\\/www.rocketdoorframes.com\\\/wp-content\\\/uploads\\\/2020\\\/01\\\/Self_closing-RP.jpg\",\"width\":1589,\"height\":1724},{\"@type\":\"BreadcrumbList\",\"@id\":\"https:\\\/\\\/www.rocketdoorframes.com\\\/es\\\/door-frames\\\/mecanismo-de-autocierre\\\/#breadcrumb\",\"itemListElement\":[{\"@type\":\"ListItem\",\"position\":1,\"name\":\"Portada\",\"item\":\"https:\\\/\\\/www.rocketdoorframes.com\\\/es\\\/\"},{\"@type\":\"ListItem\",\"position\":2,\"name\":\"Sistemas de Puertas Empotradas\",\"item\":\"https:\\\/\\\/www.rocketdoorframes.com\\\/es\\\/sistemas-de-puertas-empotradas\\\/\"},{\"@type\":\"ListItem\",\"position\":3,\"name\":\"Autocierre\"}]},{\"@type\":\"WebSite\",\"@id\":\"https:\\\/\\\/www.rocketdoorframes.com\\\/es\\\/#website\",\"url\":\"https:\\\/\\\/www.rocketdoorframes.com\\\/es\\\/\",\"name\":\"Rocket Door Frame\",\"description\":\"Rocket Door Frames - Pocket Doors\",\"potentialAction\":[{\"@type\":\"SearchAction\",\"target\":{\"@type\":\"EntryPoint\",\"urlTemplate\":\"https:\\\/\\\/www.rocketdoorframes.com\\\/es\\\/?s={search_term_string}\"},\"query-input\":{\"@type\":\"PropertyValueSpecification\",\"valueRequired\":true,\"valueName\":\"search_term_string\"}}],\"inLanguage\":\"es\"}]}<\/script>\n<!-- \/ Yoast SEO plugin. -->","yoast_head_json":{"title":"Autocierre - Rocket Door Frame","robots":{"index":"index","follow":"follow","max-snippet":"max-snippet:-1","max-image-preview":"max-image-preview:large","max-video-preview":"max-video-preview:-1"},"canonical":"https:\/\/www.rocketdoorframes.com\/es\/door-frames\/mecanismo-de-autocierre\/","og_locale":"es_ES","og_type":"article","og_title":"Autocierre - Rocket Door Frame","og_description":"Permite que la puerta se cierre autom\u00e1ticamente S\u00f3lo para las puertas de madera Adecuado para puerta simple o doble. Dos mecanismos de cierre autom\u00e1tico para puertas dobles Cierre ajustable Haga clic aqu\u00ed para descargar las instrucciones de instalaci\u00f3n &nbsp; \u00bfA\u00fan no est\u00e1s seguro? No dude en enviarnos un correo electr\u00f3nico a info@rocketdoorframes.com o llamar al [&hellip;]","og_url":"https:\/\/www.rocketdoorframes.com\/es\/door-frames\/mecanismo-de-autocierre\/","og_site_name":"Rocket Door Frame","article_modified_time":"2021-03-16T07:29:55+00:00","og_image":[{"width":1589,"height":1724,"url":"https:\/\/www.rocketdoorframes.com\/wp-content\/uploads\/2020\/01\/Self_closing-RP.jpg","type":"image\/jpeg"}],"twitter_card":"summary_large_image","twitter_misc":{"Tiempo de lectura":"1 minuto"},"schema":{"@context":"https:\/\/schema.org","@graph":[{"@type":"WebPage","@id":"https:\/\/www.rocketdoorframes.com\/es\/door-frames\/mecanismo-de-autocierre\/","url":"https:\/\/www.rocketdoorframes.com\/es\/door-frames\/mecanismo-de-autocierre\/","name":"Autocierre - Rocket Door Frame","isPartOf":{"@id":"https:\/\/www.rocketdoorframes.com\/es\/#website"},"primaryImageOfPage":{"@id":"https:\/\/www.rocketdoorframes.com\/es\/door-frames\/mecanismo-de-autocierre\/#primaryimage"},"image":{"@id":"https:\/\/www.rocketdoorframes.com\/es\/door-frames\/mecanismo-de-autocierre\/#primaryimage"},"thumbnailUrl":"https:\/\/www.rocketdoorframes.com\/wp-content\/uploads\/2020\/01\/Self_closing-RP.jpg","datePublished":"2019-11-12T09:33:57+00:00","dateModified":"2021-03-16T07:29:55+00:00","breadcrumb":{"@id":"https:\/\/www.rocketdoorframes.com\/es\/door-frames\/mecanismo-de-autocierre\/#breadcrumb"},"inLanguage":"es","potentialAction":[{"@type":"ReadAction","target":["https:\/\/www.rocketdoorframes.com\/es\/door-frames\/mecanismo-de-autocierre\/"]}]},{"@type":"ImageObject","inLanguage":"es","@id":"https:\/\/www.rocketdoorframes.com\/es\/door-frames\/mecanismo-de-autocierre\/#primaryimage","url":"https:\/\/www.rocketdoorframes.com\/wp-content\/uploads\/2020\/01\/Self_closing-RP.jpg","contentUrl":"https:\/\/www.rocketdoorframes.com\/wp-content\/uploads\/2020\/01\/Self_closing-RP.jpg","width":1589,"height":1724},{"@type":"BreadcrumbList","@id":"https:\/\/www.rocketdoorframes.com\/es\/door-frames\/mecanismo-de-autocierre\/#breadcrumb","itemListElement":[{"@type":"ListItem","position":1,"name":"Portada","item":"https:\/\/www.rocketdoorframes.com\/es\/"},{"@type":"ListItem","position":2,"name":"Sistemas de Puertas Empotradas","item":"https:\/\/www.rocketdoorframes.com\/es\/sistemas-de-puertas-empotradas\/"},{"@type":"ListItem","position":3,"name":"Autocierre"}]},{"@type":"WebSite","@id":"https:\/\/www.rocketdoorframes.com\/es\/#website","url":"https:\/\/www.rocketdoorframes.com\/es\/","name":"Rocket Door Frame","description":"Rocket Door Frames - Pocket Doors","potentialAction":[{"@type":"SearchAction","target":{"@type":"EntryPoint","urlTemplate":"https:\/\/www.rocketdoorframes.com\/es\/?s={search_term_string}"},"query-input":{"@type":"PropertyValueSpecification","valueRequired":true,"valueName":"search_term_string"}}],"inLanguage":"es"}]}},"related_products":false,"_links":{"self":[{"href":"https:\/\/www.rocketdoorframes.com\/es\/wp-json\/wp\/v2\/product\/1046","targetHints":{"allow":["GET"]}}],"collection":[{"href":"https:\/\/www.rocketdoorframes.com\/es\/wp-json\/wp\/v2\/product"}],"about":[{"href":"https:\/\/www.rocketdoorframes.com\/es\/wp-json\/wp\/v2\/types\/product"}],"wp:featuredmedia":[{"embeddable":true,"href":"https:\/\/www.rocketdoorframes.com\/es\/wp-json\/wp\/v2\/media\/954"}],"wp:attachment":[{"href":"https:\/\/www.rocketdoorframes.com\/es\/wp-json\/wp\/v2\/media?parent=1046"}],"wp:term":[{"taxonomy":"product_brand","embeddable":true,"href":"https:\/\/www.rocketdoorframes.com\/es\/wp-json\/wp\/v2\/product_brand?post=1046"},{"taxonomy":"product_cat","embeddable":true,"href":"https:\/\/www.rocketdoorframes.com\/es\/wp-json\/wp\/v2\/product_cat?post=1046"},{"taxonomy":"product_tag","embeddable":true,"href":"https:\/\/www.rocketdoorframes.com\/es\/wp-json\/wp\/v2\/product_tag?post=1046"}],"curies":[{"name":"wp","href":"https:\/\/api.w.org\/{rel}","templated":true}]}}