{"id":1044,"date":"2018-11-15T14:41:35","date_gmt":"2018-11-15T13:41:35","guid":{"rendered":"http:\/\/www.rocketdoorframes.com\/product\/doble\/"},"modified":"2025-12-10T10:17:01","modified_gmt":"2025-12-10T09:17:01","slug":"doble","status":"publish","type":"product","link":"https:\/\/www.rocketdoorframes.com\/es\/door-frames\/doble\/","title":{"rendered":"Doble"},"content":{"rendered":"<p><img fetchpriority=\"high\" decoding=\"async\" class=\"alignnone wp-image-3938 size-large\" src=\"http:\/\/www.rocketdoorframes.com\/wp-content\/uploads\/2018\/11\/table-size-double-1024x694.png\" alt=\"\" width=\"800\" height=\"542\" srcset=\"https:\/\/www.rocketdoorframes.com\/wp-content\/uploads\/2018\/11\/table-size-double-1024x694.png 1024w, https:\/\/www.rocketdoorframes.com\/wp-content\/uploads\/2018\/11\/table-size-double-300x203.png 300w, https:\/\/www.rocketdoorframes.com\/wp-content\/uploads\/2018\/11\/table-size-double.png 1999w\" sizes=\"(max-width: 800px) 100vw, 800px\" \/><\/p>\n<p><strong>Este kit es adecuado para:<\/strong><\/p>\n<ul>\n<li>1-3\/8 pulg. \u2013 1-3\/4 pulg. grosor de puerta<\/li>\n<li>Hasta 130 libras de peso<\/li>\n<li>Se adapta a los tacos de 2&#215;4 as\u00ed como a otros tama\u00f1os \u2013 ver abajo*<\/li>\n<li>Placa de yeso est\u00e1ndar de 1\/2 pulg.<\/li>\n<\/ul>\n<p>&nbsp;<\/p>\n<p><strong>El kit incluye:<\/strong><\/p>\n<ul>\n<li>Armaz\u00f3n completo de acero galvanizado \u2013 todos los montantes, costillas horizontales y fijaciones necesarias para construir el armaz\u00f3n.<\/li>\n<li>Carros suaves y silenciosos: con rodamientos de acero al cromo \u00absellados de por vida\u00bb que se insertan f\u00e1cilmente en el riel y tienen un movimiento fluido y silencioso.<\/li>\n<li>Gu\u00eda de entrada al armazon ajustable que le permitir\u00e1 ensamblar el kit para una puerta de 1-3\/8 pulg. \u2013 1-3\/4 pulg.<\/li>\n<li>Soportes para la parte superior de la puerta, tope de la puerta trasera, freno suave y fijaciones.<\/li>\n<li>Perno y tuercas ajustables para los carros m\u00e1s la llave inglesa.<\/li>\n<li>Tornillos para ensamblar el armaz\u00f3n y tornillos para fijar el cart\u00f3n de yeso al armaz\u00f3n.<\/li>\n<li>Instrucciones de instalaci\u00f3n <a href=\"http:\/\/www.rocketdoorframes.com\/wp-content\/uploads\/2025\/11\/RDF_ISTR_80_US_V1_2024.pdf\" target=\"_blank\" rel=\"noopener\">80&#8243;<\/a>, <a href=\"http:\/\/www.rocketdoorframes.com\/wp-content\/uploads\/2025\/11\/RDF_ISTR_84_US_V1_2024.pdf\" target=\"_blank\" rel=\"noopener\">84&#8243;<\/a>, <a href=\"http:\/\/www.rocketdoorframes.com\/wp-content\/uploads\/2025\/11\/RDF_ISTR_96_US_V1_2024.pdf\" target=\"_blank\" rel=\"noopener\">96&#8243;<\/a><\/li>\n<li><a href=\"http:\/\/www.rocketdoorframes.com\/wp-content\/uploads\/2021\/03\/RDF_US_warranty_ES.pdf\" target=\"_blank\" rel=\"noopener\">Una garant\u00eda de por vida<\/a><\/li>\n<\/ul>\n<p>&nbsp;<\/p>\n<p><strong>\u00bfQu\u00e9 tengo que aportar?<\/strong><\/p>\n<ul>\n<li>Panel de la puerta 1-3\/8 pulg. \u2013 1-3\/4 pulg. de espesor, peso m\u00e1ximo 130 libras<\/li>\n<li>Perfileria liviana<\/li>\n<li>Placa de yeso de 1\/2 pulg.<\/li>\n<li>Jambas de madera (<a href=\"http:\/\/www.rocketdoorframes.com\/wp-content\/uploads\/2020\/11\/RDF_US_Instructions_jambs.pdf\" target=\"_blank\" rel=\"noopener\">ver instrucciones<\/a>)<\/li>\n<\/ul>\n<p>&nbsp;<\/p>\n<p>El kit de doble hoja es simplemente la uni\u00f3n de dos kit simple.<br \/>\nCada kit incluye un kit de uni\u00f3n, as\u00ed que no hay ning\u00fan coste adicional.<\/p>\n<p>&nbsp;<\/p>\n<p>*Se pueden utilizar tachuelas de diferente tama\u00f1o, sin embargo, la madera de la cabeza por encima de la pista siempre tiene que ser de 2\u00d74, y se pueden utilizar capas adicionales de cart\u00f3n-yeso a cada lado para compensar la diferencia. Si todav\u00eda no est\u00e1 seguro, por favor env\u00edenos un correo electr\u00f3nico a<a href=\"mailto:info@rocketdoorframes.com\"> info@rocketdoorframes.com<\/a> o llame al <a href=\"tel: 770-252-2661\">770-252-2661.<\/a><\/p>\n","protected":false},"excerpt":{"rendered":"<p><br data-mce-bogus=\"1\"><\/p>\n","protected":false},"featured_media":2350,"template":"","meta":{"_seopress_robots_primary_cat":"none","_seopress_titles_title":"","_seopress_titles_desc":"","_seopress_robots_index":""},"product_brand":[],"product_cat":[57],"product_tag":[],"class_list":{"0":"post-1044","1":"product","2":"type-product","3":"status-publish","4":"has-post-thumbnail","6":"product_cat-doble","8":"first","9":"instock","10":"shipping-taxable","11":"product-type-simple"},"yoast_head":"<!-- This site is optimized with the Yoast SEO plugin v27.4 - https:\/\/yoast.com\/product\/yoast-seo-wordpress\/ -->\n<title>Doble - Rocket Door Frame<\/title>\n<meta name=\"robots\" content=\"index, follow, max-snippet:-1, max-image-preview:large, max-video-preview:-1\" \/>\n<link rel=\"canonical\" href=\"https:\/\/www.rocketdoorframes.com\/es\/door-frames\/doble\/\" \/>\n<meta property=\"og:locale\" content=\"es_ES\" \/>\n<meta property=\"og:type\" content=\"article\" \/>\n<meta property=\"og:title\" content=\"Doble - Rocket Door Frame\" \/>\n<meta property=\"og:url\" content=\"https:\/\/www.rocketdoorframes.com\/es\/door-frames\/doble\/\" \/>\n<meta property=\"og:site_name\" content=\"Rocket Door Frame\" \/>\n<meta property=\"article:modified_time\" content=\"2025-12-10T09:17:01+00:00\" \/>\n<meta property=\"og:image\" content=\"http:\/\/www.rocketdoorframes.com\/wp-content\/uploads\/2018\/11\/Double_pcoket_door_glass_crop_2048x.jpg\" \/>\n\t<meta property=\"og:image:width\" content=\"1448\" \/>\n\t<meta property=\"og:image:height\" content=\"1448\" \/>\n\t<meta property=\"og:image:type\" content=\"image\/jpeg\" \/>\n<meta name=\"twitter:card\" content=\"summary_large_image\" \/>\n<meta name=\"twitter:label1\" content=\"Tiempo de lectura\" \/>\n\t<meta name=\"twitter:data1\" content=\"2 minutos\" \/>\n<script type=\"application\/ld+json\" class=\"yoast-schema-graph\">{\"@context\":\"https:\\\/\\\/schema.org\",\"@graph\":[{\"@type\":\"WebPage\",\"@id\":\"https:\\\/\\\/www.rocketdoorframes.com\\\/es\\\/door-frames\\\/doble\\\/\",\"url\":\"https:\\\/\\\/www.rocketdoorframes.com\\\/es\\\/door-frames\\\/doble\\\/\",\"name\":\"Doble - Rocket Door Frame\",\"isPartOf\":{\"@id\":\"https:\\\/\\\/www.rocketdoorframes.com\\\/es\\\/#website\"},\"primaryImageOfPage\":{\"@id\":\"https:\\\/\\\/www.rocketdoorframes.com\\\/es\\\/door-frames\\\/doble\\\/#primaryimage\"},\"image\":{\"@id\":\"https:\\\/\\\/www.rocketdoorframes.com\\\/es\\\/door-frames\\\/doble\\\/#primaryimage\"},\"thumbnailUrl\":\"https:\\\/\\\/www.rocketdoorframes.com\\\/wp-content\\\/uploads\\\/2018\\\/11\\\/Double_pcoket_door_glass_crop_2048x.jpg\",\"datePublished\":\"2018-11-15T13:41:35+00:00\",\"dateModified\":\"2025-12-10T09:17:01+00:00\",\"breadcrumb\":{\"@id\":\"https:\\\/\\\/www.rocketdoorframes.com\\\/es\\\/door-frames\\\/doble\\\/#breadcrumb\"},\"inLanguage\":\"es\",\"potentialAction\":[{\"@type\":\"ReadAction\",\"target\":[\"https:\\\/\\\/www.rocketdoorframes.com\\\/es\\\/door-frames\\\/doble\\\/\"]}]},{\"@type\":\"ImageObject\",\"inLanguage\":\"es\",\"@id\":\"https:\\\/\\\/www.rocketdoorframes.com\\\/es\\\/door-frames\\\/doble\\\/#primaryimage\",\"url\":\"https:\\\/\\\/www.rocketdoorframes.com\\\/wp-content\\\/uploads\\\/2018\\\/11\\\/Double_pcoket_door_glass_crop_2048x.jpg\",\"contentUrl\":\"https:\\\/\\\/www.rocketdoorframes.com\\\/wp-content\\\/uploads\\\/2018\\\/11\\\/Double_pcoket_door_glass_crop_2048x.jpg\",\"width\":1448,\"height\":1448,\"caption\":\"Double_pcoket_door_glass_crop_2048x\"},{\"@type\":\"BreadcrumbList\",\"@id\":\"https:\\\/\\\/www.rocketdoorframes.com\\\/es\\\/door-frames\\\/doble\\\/#breadcrumb\",\"itemListElement\":[{\"@type\":\"ListItem\",\"position\":1,\"name\":\"Portada\",\"item\":\"https:\\\/\\\/www.rocketdoorframes.com\\\/es\\\/\"},{\"@type\":\"ListItem\",\"position\":2,\"name\":\"Sistemas de Puertas Empotradas\",\"item\":\"https:\\\/\\\/www.rocketdoorframes.com\\\/es\\\/sistemas-de-puertas-empotradas\\\/\"},{\"@type\":\"ListItem\",\"position\":3,\"name\":\"Doble\"}]},{\"@type\":\"WebSite\",\"@id\":\"https:\\\/\\\/www.rocketdoorframes.com\\\/es\\\/#website\",\"url\":\"https:\\\/\\\/www.rocketdoorframes.com\\\/es\\\/\",\"name\":\"Rocket Door Frame\",\"description\":\"Rocket Door Frames - Pocket Doors\",\"potentialAction\":[{\"@type\":\"SearchAction\",\"target\":{\"@type\":\"EntryPoint\",\"urlTemplate\":\"https:\\\/\\\/www.rocketdoorframes.com\\\/es\\\/?s={search_term_string}\"},\"query-input\":{\"@type\":\"PropertyValueSpecification\",\"valueRequired\":true,\"valueName\":\"search_term_string\"}}],\"inLanguage\":\"es\"}]}<\/script>\n<!-- \/ Yoast SEO plugin. -->","yoast_head_json":{"title":"Doble - Rocket Door Frame","robots":{"index":"index","follow":"follow","max-snippet":"max-snippet:-1","max-image-preview":"max-image-preview:large","max-video-preview":"max-video-preview:-1"},"canonical":"https:\/\/www.rocketdoorframes.com\/es\/door-frames\/doble\/","og_locale":"es_ES","og_type":"article","og_title":"Doble - Rocket Door Frame","og_url":"https:\/\/www.rocketdoorframes.com\/es\/door-frames\/doble\/","og_site_name":"Rocket Door Frame","article_modified_time":"2025-12-10T09:17:01+00:00","og_image":[{"width":1448,"height":1448,"url":"http:\/\/www.rocketdoorframes.com\/wp-content\/uploads\/2018\/11\/Double_pcoket_door_glass_crop_2048x.jpg","type":"image\/jpeg"}],"twitter_card":"summary_large_image","twitter_misc":{"Tiempo de lectura":"2 minutos"},"schema":{"@context":"https:\/\/schema.org","@graph":[{"@type":"WebPage","@id":"https:\/\/www.rocketdoorframes.com\/es\/door-frames\/doble\/","url":"https:\/\/www.rocketdoorframes.com\/es\/door-frames\/doble\/","name":"Doble - Rocket Door Frame","isPartOf":{"@id":"https:\/\/www.rocketdoorframes.com\/es\/#website"},"primaryImageOfPage":{"@id":"https:\/\/www.rocketdoorframes.com\/es\/door-frames\/doble\/#primaryimage"},"image":{"@id":"https:\/\/www.rocketdoorframes.com\/es\/door-frames\/doble\/#primaryimage"},"thumbnailUrl":"https:\/\/www.rocketdoorframes.com\/wp-content\/uploads\/2018\/11\/Double_pcoket_door_glass_crop_2048x.jpg","datePublished":"2018-11-15T13:41:35+00:00","dateModified":"2025-12-10T09:17:01+00:00","breadcrumb":{"@id":"https:\/\/www.rocketdoorframes.com\/es\/door-frames\/doble\/#breadcrumb"},"inLanguage":"es","potentialAction":[{"@type":"ReadAction","target":["https:\/\/www.rocketdoorframes.com\/es\/door-frames\/doble\/"]}]},{"@type":"ImageObject","inLanguage":"es","@id":"https:\/\/www.rocketdoorframes.com\/es\/door-frames\/doble\/#primaryimage","url":"https:\/\/www.rocketdoorframes.com\/wp-content\/uploads\/2018\/11\/Double_pcoket_door_glass_crop_2048x.jpg","contentUrl":"https:\/\/www.rocketdoorframes.com\/wp-content\/uploads\/2018\/11\/Double_pcoket_door_glass_crop_2048x.jpg","width":1448,"height":1448,"caption":"Double_pcoket_door_glass_crop_2048x"},{"@type":"BreadcrumbList","@id":"https:\/\/www.rocketdoorframes.com\/es\/door-frames\/doble\/#breadcrumb","itemListElement":[{"@type":"ListItem","position":1,"name":"Portada","item":"https:\/\/www.rocketdoorframes.com\/es\/"},{"@type":"ListItem","position":2,"name":"Sistemas de Puertas Empotradas","item":"https:\/\/www.rocketdoorframes.com\/es\/sistemas-de-puertas-empotradas\/"},{"@type":"ListItem","position":3,"name":"Doble"}]},{"@type":"WebSite","@id":"https:\/\/www.rocketdoorframes.com\/es\/#website","url":"https:\/\/www.rocketdoorframes.com\/es\/","name":"Rocket Door Frame","description":"Rocket Door Frames - Pocket Doors","potentialAction":[{"@type":"SearchAction","target":{"@type":"EntryPoint","urlTemplate":"https:\/\/www.rocketdoorframes.com\/es\/?s={search_term_string}"},"query-input":{"@type":"PropertyValueSpecification","valueRequired":true,"valueName":"search_term_string"}}],"inLanguage":"es"}]}},"related_products":false,"_links":{"self":[{"href":"https:\/\/www.rocketdoorframes.com\/es\/wp-json\/wp\/v2\/product\/1044","targetHints":{"allow":["GET"]}}],"collection":[{"href":"https:\/\/www.rocketdoorframes.com\/es\/wp-json\/wp\/v2\/product"}],"about":[{"href":"https:\/\/www.rocketdoorframes.com\/es\/wp-json\/wp\/v2\/types\/product"}],"wp:featuredmedia":[{"embeddable":true,"href":"https:\/\/www.rocketdoorframes.com\/es\/wp-json\/wp\/v2\/media\/2350"}],"wp:attachment":[{"href":"https:\/\/www.rocketdoorframes.com\/es\/wp-json\/wp\/v2\/media?parent=1044"}],"wp:term":[{"taxonomy":"product_brand","embeddable":true,"href":"https:\/\/www.rocketdoorframes.com\/es\/wp-json\/wp\/v2\/product_brand?post=1044"},{"taxonomy":"product_cat","embeddable":true,"href":"https:\/\/www.rocketdoorframes.com\/es\/wp-json\/wp\/v2\/product_cat?post=1044"},{"taxonomy":"product_tag","embeddable":true,"href":"https:\/\/www.rocketdoorframes.com\/es\/wp-json\/wp\/v2\/product_tag?post=1044"}],"curies":[{"name":"wp","href":"https:\/\/api.w.org\/{rel}","templated":true}]}}