{"id":1466,"date":"2020-10-27T12:49:50","date_gmt":"2020-10-27T11:49:50","guid":{"rendered":"http:\/\/www.rocketdoorframes.com\/presentamos-los-kits-de-puertas-correderas-empotradas-2\/"},"modified":"2020-11-06T11:04:48","modified_gmt":"2020-11-06T10:04:48","slug":"presentamos-los-kits-de-puertas-correderas-empotradas-2","status":"publish","type":"page","link":"https:\/\/www.rocketdoorframes.com\/es\/presentamos-los-kits-de-puertas-correderas-empotradas-2\/","title":{"rendered":"Presentamos los kits de puertas correderas empotradas."},"content":{"rendered":"\n<h3 class=\"wp-block-heading\">\u00bfQu\u00e9 puede ser m\u00e1s conveniente de las puertas que desaparecen cuando no las necesitas? Esa es la belleza de las puertas correderas empotradas.<\/h3>\n\n<figure class=\"wp-block-image\"><img fetchpriority=\"high\" decoding=\"async\" width=\"1024\" height=\"683\" src=\"http:\/\/www.rocketdoorframes.com\/wp-content\/uploads\/2020\/05\/Rocket-Pocket-Door-1-1024x683.jpg\" alt=\"\" class=\"wp-image-1098\" srcset=\"https:\/\/www.rocketdoorframes.com\/wp-content\/uploads\/2020\/05\/Rocket-Pocket-Door-1-1024x683.jpg 1024w, https:\/\/www.rocketdoorframes.com\/wp-content\/uploads\/2020\/05\/Rocket-Pocket-Door-1-300x200.jpg 300w, https:\/\/www.rocketdoorframes.com\/wp-content\/uploads\/2020\/05\/Rocket-Pocket-Door-1-768x512.jpg 768w, https:\/\/www.rocketdoorframes.com\/wp-content\/uploads\/2020\/05\/Rocket-Pocket-Door-1-800x534.jpg 800w, https:\/\/www.rocketdoorframes.com\/wp-content\/uploads\/2020\/05\/Rocket-Pocket-Door-1.jpg 1250w\" sizes=\"(max-width: 1024px) 100vw, 1024px\" \/><\/figure>\n\n<p>Una puerta corredera empotrada, es una puerta que se desliza dentro de un armaz\u00f3n en la pared. La puerta se cuelga por arriba, lo que significa que deja el suelo libre de obstrucciones. En lugar de una puerta corredera que se monta adosada a una pared cuando se abre, desliza y queda visible ocupando espacio; una puerta empotrada desaparece de la vista. Las puertas empotradas le permiten ahorrar espacio. El espacio \u00fatil del suelo se libera al utilizar una puerta corrediza en lugar de una puerta con bisagras, y a diferencia de una puerta corrediza montada en la superficie, tampoco se pierde espacio en la pared.<\/p>\n\n<h3 class=\"wp-block-heading\"><h3>Para una soluci\u00f3n de puerta correderas barata<\/h3><\/h3>\n\n<h3 class=\"wp-block-heading\">Kit para Puertas Simples y Dobles<\/h3>\n\n<p><p>Las puertas corederas empotradas son perfectas para suites, ba\u00f1os, guardarropas, puertas de inodoros, despensas, puertas de cocinas, \u00e1reas de servicio y muchas otras aplicaciones. Nuestro kit de puertas de una sola hoja es f\u00e1cil de montar e instalar. A diferencia de otros kits de puertas correderas empotradas a un precio similar, el Rocket Pocket Kit incluye los carros de desliziamento, riel, renfuerzos orizontales en acero galvanizado y montantes verticales que se ensamblan para crear un armaz\u00f3n completo de puerta corredera empotrada. Esto es importante porque el armazon reemplaza el entramado de la pared, por lo que se desea que sea r\u00edgido y robusto. Muchos otros kits de puertas empotradas en el mercado son simplemente un carril y un par de montantes de madera. Los kits de puertas de una hoja, pueden ser f\u00e1cilmente combinados para crear una puerta doble. As\u00ed que si buscas un kit de puerta doble, todo lo que necesitas es comprar dos individuales! Las puertas doble son una forma ideal de dividir un espacio de planta abierta y son estupendas para usarlas como divisor de espacios entre la cocina y el comedor o entre la sala de estar y el comedor. Otro gran uso para una puerta doble es en el dormitorio como un armario empotrado.<\/p><\/p>\n\n<p><p><strong>\u00bfPOR QU\u00c9 COMPRAR UNA PUERTA CORREDERA EMPOTRABLE? LAS VENTAJAS EST\u00c1N AQU\u00cd\u2026<\/strong><\/p><\/p>\n\n<figure class=\"wp-block-image size-medium\"><img decoding=\"async\" width=\"300\" height=\"198\" data-src=\"http:\/\/www.rocketdoorframes.com\/wp-content\/uploads\/2020\/11\/Horizontals-300x198.jpg\" alt=\"\" class=\"wp-image-1512 lazyload\" data-srcset=\"https:\/\/www.rocketdoorframes.com\/wp-content\/uploads\/2020\/11\/Horizontals-300x198.jpg 300w, https:\/\/www.rocketdoorframes.com\/wp-content\/uploads\/2020\/11\/Horizontals-768x508.jpg 768w, https:\/\/www.rocketdoorframes.com\/wp-content\/uploads\/2020\/11\/Horizontals-800x529.jpg 800w, https:\/\/www.rocketdoorframes.com\/wp-content\/uploads\/2020\/11\/Horizontals.jpg 1000w\" data-sizes=\"(max-width: 300px) 100vw, 300px\" src=\"data:image\/svg+xml;base64,PHN2ZyB3aWR0aD0iMSIgaGVpZ2h0PSIxIiB4bWxucz0iaHR0cDovL3d3dy53My5vcmcvMjAwMC9zdmciPjwvc3ZnPg==\" style=\"--smush-placeholder-width: 300px; --smush-placeholder-aspect-ratio: 300\/198;\" \/><\/figure>\n\n<p>Los horizontales y los montantes de acero galvanizado precortados forman el armaz\u00f3n, as\u00ed que no hay riesgo de deformaci\u00f3n como en el caso de la madera.<\/p>\n\n<div style=\"height:20px\" aria-hidden=\"true\" class=\"wp-block-spacer\"><\/div>\n\n<figure class=\"wp-block-image size-medium\"><img decoding=\"async\" width=\"300\" height=\"200\" data-src=\"http:\/\/www.rocketdoorframes.com\/wp-content\/uploads\/2020\/11\/Brackets-1-300x200.jpg\" alt=\"\" class=\"wp-image-1506 lazyload\" data-srcset=\"https:\/\/www.rocketdoorframes.com\/wp-content\/uploads\/2020\/11\/Brackets-1-300x200.jpg 300w, https:\/\/www.rocketdoorframes.com\/wp-content\/uploads\/2020\/11\/Brackets-1-768x512.jpg 768w, https:\/\/www.rocketdoorframes.com\/wp-content\/uploads\/2020\/11\/Brackets-1-800x534.jpg 800w, https:\/\/www.rocketdoorframes.com\/wp-content\/uploads\/2020\/11\/Brackets-1.jpg 1000w\" data-sizes=\"(max-width: 300px) 100vw, 300px\" src=\"data:image\/svg+xml;base64,PHN2ZyB3aWR0aD0iMSIgaGVpZ2h0PSIxIiB4bWxucz0iaHR0cDovL3d3dy53My5vcmcvMjAwMC9zdmciPjwvc3ZnPg==\" style=\"--smush-placeholder-width: 300px; --smush-placeholder-aspect-ratio: 300\/200;\" \/><\/figure>\n\n<p>Los soportes se atornillan directamente a los montantes y permiten posicionar f\u00e1cilmente la placa de yeso.&#13;\n&#13;\n<\/p>\n\n<div style=\"height:20px\" aria-hidden=\"true\" class=\"wp-block-spacer\"><\/div>\n\n<figure class=\"wp-block-image size-medium\"><img decoding=\"async\" width=\"200\" height=\"300\" data-src=\"http:\/\/www.rocketdoorframes.com\/wp-content\/uploads\/2020\/11\/Door-1-edited-1-200x300.jpg\" alt=\"\" class=\"wp-image-1523 lazyload\" data-srcset=\"https:\/\/www.rocketdoorframes.com\/wp-content\/uploads\/2020\/11\/Door-1-edited-1-200x300.jpg 200w, https:\/\/www.rocketdoorframes.com\/wp-content\/uploads\/2020\/11\/Door-1-edited-1.jpg 445w\" data-sizes=\"(max-width: 200px) 100vw, 200px\" src=\"data:image\/svg+xml;base64,PHN2ZyB3aWR0aD0iMSIgaGVpZ2h0PSIxIiB4bWxucz0iaHR0cDovL3d3dy53My5vcmcvMjAwMC9zdmciPjwvc3ZnPg==\" style=\"--smush-placeholder-width: 200px; --smush-placeholder-aspect-ratio: 200\/300;\" \/><\/figure>\n\n<p><p>Tenemos un kit que se ajusta a la mayor\u00eda de los tama\u00f1os de puertas est\u00e1ndar de EE.UU.<br\/>El kit Rocket Pocket se ajustar\u00e1 exactamente al tama\u00f1o de su puerta, por lo que no es necesario cortar, recortar o ajustar el armaz\u00f3n.<\/p><\/p>\n\n<div style=\"height:20px\" aria-hidden=\"true\" class=\"wp-block-spacer\"><\/div>\n\n<figure class=\"wp-block-image size-medium\"><img decoding=\"async\" width=\"300\" height=\"300\" data-src=\"http:\/\/www.rocketdoorframes.com\/wp-content\/uploads\/2020\/11\/Door-guide-1-edited-300x300.jpg\" alt=\"\" class=\"wp-image-1519 lazyload\" data-srcset=\"https:\/\/www.rocketdoorframes.com\/wp-content\/uploads\/2020\/11\/Door-guide-1-edited-300x300.jpg 300w, https:\/\/www.rocketdoorframes.com\/wp-content\/uploads\/2020\/11\/Door-guide-1-edited-150x150.jpg 150w, https:\/\/www.rocketdoorframes.com\/wp-content\/uploads\/2020\/11\/Door-guide-1-edited-400x400.jpg 400w, https:\/\/www.rocketdoorframes.com\/wp-content\/uploads\/2020\/11\/Door-guide-1-edited-100x100.jpg 100w, https:\/\/www.rocketdoorframes.com\/wp-content\/uploads\/2020\/11\/Door-guide-1-edited.jpg 667w\" data-sizes=\"(max-width: 300px) 100vw, 300px\" src=\"data:image\/svg+xml;base64,PHN2ZyB3aWR0aD0iMSIgaGVpZ2h0PSIxIiB4bWxucz0iaHR0cDovL3d3dy53My5vcmcvMjAwMC9zdmciPjwvc3ZnPg==\" style=\"--smush-placeholder-width: 300px; --smush-placeholder-aspect-ratio: 300\/300;\" \/><\/figure>\n\n<p><p>No hay rieles ni guias en el suelo, as\u00ed que puedes continuar la superficie del piso a trav\u00e9s de la puerta sin umbral.<br\/>Tiene una gu\u00eda de entrada del armaz\u00f3n ajustable para que puedas usar 1 3\/8\u2033 o 1 3\/4\u2033 de grosor de puerta.<\/p><\/p>\n\n<div style=\"height:20px\" aria-hidden=\"true\" class=\"wp-block-spacer\"><\/div>\n\n<figure class=\"wp-block-image size-medium\"><img decoding=\"async\" width=\"300\" height=\"201\" data-src=\"http:\/\/www.rocketdoorframes.com\/wp-content\/uploads\/2020\/11\/Soft-brake-1-300x201.jpg\" alt=\"\" class=\"wp-image-1516 lazyload\" data-srcset=\"https:\/\/www.rocketdoorframes.com\/wp-content\/uploads\/2020\/11\/Soft-brake-1-300x201.jpg 300w, https:\/\/www.rocketdoorframes.com\/wp-content\/uploads\/2020\/11\/Soft-brake-1-768x514.jpg 768w, https:\/\/www.rocketdoorframes.com\/wp-content\/uploads\/2020\/11\/Soft-brake-1-800x535.jpg 800w, https:\/\/www.rocketdoorframes.com\/wp-content\/uploads\/2020\/11\/Soft-brake-1.jpg 1000w\" data-sizes=\"(max-width: 300px) 100vw, 300px\" src=\"data:image\/svg+xml;base64,PHN2ZyB3aWR0aD0iMSIgaGVpZ2h0PSIxIiB4bWxucz0iaHR0cDovL3d3dy53My5vcmcvMjAwMC9zdmciPjwvc3ZnPg==\" style=\"--smush-placeholder-width: 300px; --smush-placeholder-aspect-ratio: 300\/201;\" \/><\/figure>\n\n<p>El freno de la puerta, hecho de acero especial, asegura que durante el uso normal la puerta no se golpee contra el batiente de la puerta.<\/p>\n\n<div style=\"height:20px\" aria-hidden=\"true\" class=\"wp-block-spacer\"><\/div>\n\n<figure class=\"wp-block-image size-medium\"><img decoding=\"async\" width=\"300\" height=\"200\" data-src=\"http:\/\/www.rocketdoorframes.com\/wp-content\/uploads\/2020\/11\/Runners-1-300x200.jpg\" alt=\"\" class=\"wp-image-1514 lazyload\" data-srcset=\"https:\/\/www.rocketdoorframes.com\/wp-content\/uploads\/2020\/11\/Runners-1-300x200.jpg 300w, https:\/\/www.rocketdoorframes.com\/wp-content\/uploads\/2020\/11\/Runners-1-768x512.jpg 768w, https:\/\/www.rocketdoorframes.com\/wp-content\/uploads\/2020\/11\/Runners-1-800x534.jpg 800w, https:\/\/www.rocketdoorframes.com\/wp-content\/uploads\/2020\/11\/Runners-1.jpg 1000w\" data-sizes=\"(max-width: 300px) 100vw, 300px\" src=\"data:image\/svg+xml;base64,PHN2ZyB3aWR0aD0iMSIgaGVpZ2h0PSIxIiB4bWxucz0iaHR0cDovL3d3dy53My5vcmcvMjAwMC9zdmciPjwvc3ZnPg==\" style=\"--smush-placeholder-width: 300px; --smush-placeholder-aspect-ratio: 300\/200;\" \/><\/figure>\n\n<p>Nuestros carros de desliziamento tienen cojinetes de acero al cromo \u00absellados de por vida\u00bb para a\u00f1os de placer de deslizamiento.<\/p>\n","protected":false},"excerpt":{"rendered":"<p>\u00bfQu\u00e9 puede ser m\u00e1s conveniente de las puertas que desaparecen cuando no las necesitas? Esa es la belleza de las puertas correderas empotradas. Una puerta corredera empotrada, es una puerta que se desliza dentro de un armaz\u00f3n en la pared. La puerta se cuelga por arriba, lo que significa que deja el suelo libre de [&hellip;]<\/p>\n","protected":false},"author":4,"featured_media":0,"parent":0,"menu_order":0,"comment_status":"closed","ping_status":"closed","template":"","meta":{"_seopress_robots_primary_cat":"","_seopress_titles_title":"","_seopress_titles_desc":"","_seopress_robots_index":"","footnotes":""},"class_list":["post-1466","page","type-page","status-publish","hentry"],"yoast_head":"<!-- This site is optimized with the Yoast SEO plugin v27.6 - https:\/\/yoast.com\/product\/yoast-seo-wordpress\/ -->\n<title>Presentamos los kits de puertas correderas empotradas. - Rocket Door Frame<\/title>\n<meta name=\"robots\" content=\"index, follow, max-snippet:-1, max-image-preview:large, max-video-preview:-1\" \/>\n<link rel=\"canonical\" href=\"https:\/\/www.rocketdoorframes.com\/es\/presentamos-los-kits-de-puertas-correderas-empotradas-2\/\" \/>\n<meta property=\"og:locale\" content=\"es_ES\" \/>\n<meta property=\"og:type\" content=\"article\" \/>\n<meta property=\"og:title\" content=\"Presentamos los kits de puertas correderas empotradas. - Rocket Door Frame\" \/>\n<meta property=\"og:description\" content=\"\u00bfQu\u00e9 puede ser m\u00e1s conveniente de las puertas que desaparecen cuando no las necesitas? Esa es la belleza de las puertas correderas empotradas. Una puerta corredera empotrada, es una puerta que se desliza dentro de un armaz\u00f3n en la pared. La puerta se cuelga por arriba, lo que significa que deja el suelo libre de [&hellip;]\" \/>\n<meta property=\"og:url\" content=\"https:\/\/www.rocketdoorframes.com\/es\/presentamos-los-kits-de-puertas-correderas-empotradas-2\/\" \/>\n<meta property=\"og:site_name\" content=\"Rocket Door Frame\" \/>\n<meta property=\"article:modified_time\" content=\"2020-11-06T10:04:48+00:00\" \/>\n<meta property=\"og:image\" content=\"http:\/\/www.rocketdoorframes.com\/wp-content\/uploads\/2020\/05\/Rocket-Pocket-Door-1-1024x683.jpg\" \/>\n<meta name=\"twitter:card\" content=\"summary_large_image\" \/>\n<meta name=\"twitter:label1\" content=\"Tiempo de lectura\" \/>\n\t<meta name=\"twitter:data1\" content=\"3 minutos\" \/>\n<script type=\"application\/ld+json\" class=\"yoast-schema-graph\">{\"@context\":\"https:\\\/\\\/schema.org\",\"@graph\":[{\"@type\":\"WebPage\",\"@id\":\"https:\\\/\\\/www.rocketdoorframes.com\\\/es\\\/presentamos-los-kits-de-puertas-correderas-empotradas-2\\\/\",\"url\":\"https:\\\/\\\/www.rocketdoorframes.com\\\/es\\\/presentamos-los-kits-de-puertas-correderas-empotradas-2\\\/\",\"name\":\"Presentamos los kits de puertas correderas empotradas. - Rocket Door Frame\",\"isPartOf\":{\"@id\":\"https:\\\/\\\/www.rocketdoorframes.com\\\/es\\\/#website\"},\"primaryImageOfPage\":{\"@id\":\"https:\\\/\\\/www.rocketdoorframes.com\\\/es\\\/presentamos-los-kits-de-puertas-correderas-empotradas-2\\\/#primaryimage\"},\"image\":{\"@id\":\"https:\\\/\\\/www.rocketdoorframes.com\\\/es\\\/presentamos-los-kits-de-puertas-correderas-empotradas-2\\\/#primaryimage\"},\"thumbnailUrl\":\"http:\\\/\\\/www.rocketdoorframes.com\\\/wp-content\\\/uploads\\\/2020\\\/05\\\/Rocket-Pocket-Door-1-1024x683.jpg\",\"datePublished\":\"2020-10-27T11:49:50+00:00\",\"dateModified\":\"2020-11-06T10:04:48+00:00\",\"breadcrumb\":{\"@id\":\"https:\\\/\\\/www.rocketdoorframes.com\\\/es\\\/presentamos-los-kits-de-puertas-correderas-empotradas-2\\\/#breadcrumb\"},\"inLanguage\":\"es\",\"potentialAction\":[{\"@type\":\"ReadAction\",\"target\":[\"https:\\\/\\\/www.rocketdoorframes.com\\\/es\\\/presentamos-los-kits-de-puertas-correderas-empotradas-2\\\/\"]}]},{\"@type\":\"ImageObject\",\"inLanguage\":\"es\",\"@id\":\"https:\\\/\\\/www.rocketdoorframes.com\\\/es\\\/presentamos-los-kits-de-puertas-correderas-empotradas-2\\\/#primaryimage\",\"url\":\"http:\\\/\\\/www.rocketdoorframes.com\\\/wp-content\\\/uploads\\\/2020\\\/05\\\/Rocket-Pocket-Door-1-1024x683.jpg\",\"contentUrl\":\"http:\\\/\\\/www.rocketdoorframes.com\\\/wp-content\\\/uploads\\\/2020\\\/05\\\/Rocket-Pocket-Door-1-1024x683.jpg\"},{\"@type\":\"BreadcrumbList\",\"@id\":\"https:\\\/\\\/www.rocketdoorframes.com\\\/es\\\/presentamos-los-kits-de-puertas-correderas-empotradas-2\\\/#breadcrumb\",\"itemListElement\":[{\"@type\":\"ListItem\",\"position\":1,\"name\":\"Portada\",\"item\":\"https:\\\/\\\/www.rocketdoorframes.com\\\/es\\\/\"},{\"@type\":\"ListItem\",\"position\":2,\"name\":\"Presentamos los kits de puertas correderas empotradas.\"}]},{\"@type\":\"WebSite\",\"@id\":\"https:\\\/\\\/www.rocketdoorframes.com\\\/es\\\/#website\",\"url\":\"https:\\\/\\\/www.rocketdoorframes.com\\\/es\\\/\",\"name\":\"Rocket Door Frame\",\"description\":\"Rocket Door Frames - Pocket Doors\",\"potentialAction\":[{\"@type\":\"SearchAction\",\"target\":{\"@type\":\"EntryPoint\",\"urlTemplate\":\"https:\\\/\\\/www.rocketdoorframes.com\\\/es\\\/?s={search_term_string}\"},\"query-input\":{\"@type\":\"PropertyValueSpecification\",\"valueRequired\":true,\"valueName\":\"search_term_string\"}}],\"inLanguage\":\"es\"}]}<\/script>\n<!-- \/ Yoast SEO plugin. -->","yoast_head_json":{"title":"Presentamos los kits de puertas correderas empotradas. - Rocket Door Frame","robots":{"index":"index","follow":"follow","max-snippet":"max-snippet:-1","max-image-preview":"max-image-preview:large","max-video-preview":"max-video-preview:-1"},"canonical":"https:\/\/www.rocketdoorframes.com\/es\/presentamos-los-kits-de-puertas-correderas-empotradas-2\/","og_locale":"es_ES","og_type":"article","og_title":"Presentamos los kits de puertas correderas empotradas. - Rocket Door Frame","og_description":"\u00bfQu\u00e9 puede ser m\u00e1s conveniente de las puertas que desaparecen cuando no las necesitas? Esa es la belleza de las puertas correderas empotradas. Una puerta corredera empotrada, es una puerta que se desliza dentro de un armaz\u00f3n en la pared. La puerta se cuelga por arriba, lo que significa que deja el suelo libre de [&hellip;]","og_url":"https:\/\/www.rocketdoorframes.com\/es\/presentamos-los-kits-de-puertas-correderas-empotradas-2\/","og_site_name":"Rocket Door Frame","article_modified_time":"2020-11-06T10:04:48+00:00","og_image":[{"url":"http:\/\/www.rocketdoorframes.com\/wp-content\/uploads\/2020\/05\/Rocket-Pocket-Door-1-1024x683.jpg","type":"","width":"","height":""}],"twitter_card":"summary_large_image","twitter_misc":{"Tiempo de lectura":"3 minutos"},"schema":{"@context":"https:\/\/schema.org","@graph":[{"@type":"WebPage","@id":"https:\/\/www.rocketdoorframes.com\/es\/presentamos-los-kits-de-puertas-correderas-empotradas-2\/","url":"https:\/\/www.rocketdoorframes.com\/es\/presentamos-los-kits-de-puertas-correderas-empotradas-2\/","name":"Presentamos los kits de puertas correderas empotradas. - Rocket Door Frame","isPartOf":{"@id":"https:\/\/www.rocketdoorframes.com\/es\/#website"},"primaryImageOfPage":{"@id":"https:\/\/www.rocketdoorframes.com\/es\/presentamos-los-kits-de-puertas-correderas-empotradas-2\/#primaryimage"},"image":{"@id":"https:\/\/www.rocketdoorframes.com\/es\/presentamos-los-kits-de-puertas-correderas-empotradas-2\/#primaryimage"},"thumbnailUrl":"http:\/\/www.rocketdoorframes.com\/wp-content\/uploads\/2020\/05\/Rocket-Pocket-Door-1-1024x683.jpg","datePublished":"2020-10-27T11:49:50+00:00","dateModified":"2020-11-06T10:04:48+00:00","breadcrumb":{"@id":"https:\/\/www.rocketdoorframes.com\/es\/presentamos-los-kits-de-puertas-correderas-empotradas-2\/#breadcrumb"},"inLanguage":"es","potentialAction":[{"@type":"ReadAction","target":["https:\/\/www.rocketdoorframes.com\/es\/presentamos-los-kits-de-puertas-correderas-empotradas-2\/"]}]},{"@type":"ImageObject","inLanguage":"es","@id":"https:\/\/www.rocketdoorframes.com\/es\/presentamos-los-kits-de-puertas-correderas-empotradas-2\/#primaryimage","url":"http:\/\/www.rocketdoorframes.com\/wp-content\/uploads\/2020\/05\/Rocket-Pocket-Door-1-1024x683.jpg","contentUrl":"http:\/\/www.rocketdoorframes.com\/wp-content\/uploads\/2020\/05\/Rocket-Pocket-Door-1-1024x683.jpg"},{"@type":"BreadcrumbList","@id":"https:\/\/www.rocketdoorframes.com\/es\/presentamos-los-kits-de-puertas-correderas-empotradas-2\/#breadcrumb","itemListElement":[{"@type":"ListItem","position":1,"name":"Portada","item":"https:\/\/www.rocketdoorframes.com\/es\/"},{"@type":"ListItem","position":2,"name":"Presentamos los kits de puertas correderas empotradas."}]},{"@type":"WebSite","@id":"https:\/\/www.rocketdoorframes.com\/es\/#website","url":"https:\/\/www.rocketdoorframes.com\/es\/","name":"Rocket Door Frame","description":"Rocket Door Frames - Pocket Doors","potentialAction":[{"@type":"SearchAction","target":{"@type":"EntryPoint","urlTemplate":"https:\/\/www.rocketdoorframes.com\/es\/?s={search_term_string}"},"query-input":{"@type":"PropertyValueSpecification","valueRequired":true,"valueName":"search_term_string"}}],"inLanguage":"es"}]}},"_links":{"self":[{"href":"https:\/\/www.rocketdoorframes.com\/es\/wp-json\/wp\/v2\/pages\/1466","targetHints":{"allow":["GET"]}}],"collection":[{"href":"https:\/\/www.rocketdoorframes.com\/es\/wp-json\/wp\/v2\/pages"}],"about":[{"href":"https:\/\/www.rocketdoorframes.com\/es\/wp-json\/wp\/v2\/types\/page"}],"author":[{"embeddable":true,"href":"https:\/\/www.rocketdoorframes.com\/es\/wp-json\/wp\/v2\/users\/4"}],"replies":[{"embeddable":true,"href":"https:\/\/www.rocketdoorframes.com\/es\/wp-json\/wp\/v2\/comments?post=1466"}],"version-history":[{"count":11,"href":"https:\/\/www.rocketdoorframes.com\/es\/wp-json\/wp\/v2\/pages\/1466\/revisions"}],"predecessor-version":[{"id":1532,"href":"https:\/\/www.rocketdoorframes.com\/es\/wp-json\/wp\/v2\/pages\/1466\/revisions\/1532"}],"wp:attachment":[{"href":"https:\/\/www.rocketdoorframes.com\/es\/wp-json\/wp\/v2\/media?parent=1466"}],"curies":[{"name":"wp","href":"https:\/\/api.w.org\/{rel}","templated":true}]}}