{"id":1050,"date":"2020-04-28T14:54:42","date_gmt":"2020-04-28T12:54:42","guid":{"rendered":"http:\/\/www.rocketdoorframes.com\/instalacion-e-instrucciones-puerta-corrediza-empotrable\/"},"modified":"2020-11-04T11:24:44","modified_gmt":"2020-11-04T10:24:44","slug":"instalacion-e-instrucciones-puerta-corrediza-empotrable","status":"publish","type":"page","link":"https:\/\/www.rocketdoorframes.com\/es\/instalacion-e-instrucciones-puerta-corrediza-empotrable\/","title":{"rendered":"Instalaci\u00f3n y instrucciones &#8211; Puerta corrediza empotrable"},"content":{"rendered":"\n<h2 class=\"wp-block-heading\">ESTO ES LO QUE NECESITAS PARA INSTALAR TU KIT DE PUERTA CORREDIZA EMPOTRABLE<\/h2>\n\n<p>Echa un vistazo a este video de Rocket Pocket Door a continuaci\u00f3n o descarga nuestras instrucciones de instalaci\u00f3n para ayudarte a instalar tu puerta corrediza empotrable. Las instrucciones incluyen una lista de las herramientas que necesitar\u00e1. Vea el video o despl\u00e1cese hacia abajo para ver c\u00f3mo crea los acabamentos<\/p>\n\n<p><p><a href=\"http:\/\/www.rocketdoorframes.com\/wp-content\/uploads\/2020\/10\/RDF_US_Rocket-Pocket_Instructions-1.pdf\" target=\"_blank\" rel=\"noopener noreferrer\"><span lang=\"es-ES\">Instrucciones de Pocket Door para una puerta de madera<\/span><\/a><\/p><\/p>\n<iframe data-src=\"https:\/\/www.youtube-nocookie.com\/embed\/NoApt9h1QPs\" width=\"560\" height=\"560\" frameborder=\"0\" allowfullscreen=\"allowfullscreen\" src=\"data:image\/svg+xml;base64,PHN2ZyB3aWR0aD0iMSIgaGVpZ2h0PSIxIiB4bWxucz0iaHR0cDovL3d3dy53My5vcmcvMjAwMC9zdmciPjwvc3ZnPg==\" class=\"lazyload\" data-load-mode=\"1\"><\/iframe>\n<blockquote class=\"is-layout-flow wp-block-quote-is-layout-flow\">\n<p>\u00abEl constructor que lo arm\u00f3 dijo que era f\u00e1cil de hacer. No ha hecho algo as\u00ed antes, y encontr\u00f3 las instrucciones y el video bastante \u00fatiles!\u00bb &#8211; la reacci\u00f3n de un cliente feliz.<\/p>\n<\/blockquote>\n\n<p>El Rocket Pocket Door Kit es r\u00e1pido y sencillo de instalar.<\/p>\n\n<h2 class=\"wp-block-heading\">PUERTAS DOBLES<\/h2>\n\n<p>Es tan f\u00e1cil que cada sistema tiene un soporte adaptable que puede usarse para conectar dos individuales y convertirlos en dobles, de modo que no hay costo adicional por un kit de uni\u00f3n.  Cuando instale un sistema doble recuerde asegurarse de que ambos sistemas est\u00e9n perfectamente en l\u00ednea y a plomo y entonces las puertas se encontrar\u00e1n exactamente en el medio.<\/p>\n\n<figure><img decoding=\"async\" data-src=\"http:\/\/www.rocketdoorframes.com\/wp-content\/uploads\/2019\/10\/Double-door-joint_web.jpg\" alt=\"\" src=\"data:image\/svg+xml;base64,PHN2ZyB3aWR0aD0iMSIgaGVpZ2h0PSIxIiB4bWxucz0iaHR0cDovL3d3dy53My5vcmcvMjAwMC9zdmciPjwvc3ZnPg==\" class=\"lazyload\" style=\"--smush-placeholder-width: 1020px; --smush-placeholder-aspect-ratio: 1020\/721;\" \/><\/figure>\n\n<h2 class=\"wp-block-heading\">C\u00d3MO CREAR EL ACABAMENTO PARA EL SISTEMA DE PUERTAS EMPOTRADAS<\/h2>\n\n<p><p>Los revestimientos y las tapetas se suelen hacer para que coincidan con el acabado de la puerta. Aqu\u00ed hay una manera r\u00e1pida y f\u00e1cil de hacer esto: <a href=\"http:\/\/www.rocketdoorframes.com\/wp-content\/uploads\/2020\/11\/RDF_US_Instructions_jambs.pdf\">Instrucciones de revestimiento<\/a> o puede <a href=\"http:\/\/www.rocketdoorframes.com\/es\/contactenos\/\">contactarnos<\/a> para los kits de revestimiento<\/p><\/p>\n\n<h2 class=\"wp-block-heading\">\u00a0<\/h2>\n\n<p><p><strong>Si tiene alguna otra pregunta, por favor, p\u00f3ngase en contacto con nosotros a trav\u00e9s del <a href=\"http:\/\/www.rocketdoorframes.com\/es\/contactenos\/\">formulario de contacto<\/a>.<\/strong><\/p><\/p>\n","protected":false},"excerpt":{"rendered":"<p>ESTO ES LO QUE NECESITAS PARA INSTALAR TU KIT DE PUERTA CORREDIZA EMPOTRABLE Echa un vistazo a este video de Rocket Pocket Door a continuaci\u00f3n o descarga nuestras instrucciones de instalaci\u00f3n para ayudarte a instalar tu puerta corrediza empotrable. Las instrucciones incluyen una lista de las herramientas que necesitar\u00e1. Vea el video o despl\u00e1cese hacia [&hellip;]<\/p>\n","protected":false},"author":2,"featured_media":0,"parent":0,"menu_order":0,"comment_status":"closed","ping_status":"closed","template":"","meta":{"_seopress_robots_primary_cat":"","_seopress_titles_title":"","_seopress_titles_desc":"","_seopress_robots_index":"","footnotes":""},"class_list":["post-1050","page","type-page","status-publish","hentry"],"yoast_head":"<!-- This site is optimized with the Yoast SEO plugin v27.5 - https:\/\/yoast.com\/product\/yoast-seo-wordpress\/ -->\n<title>Instalaci\u00f3n y instrucciones - Puerta corrediza empotrable - Rocket Door Frame<\/title>\n<meta name=\"robots\" content=\"index, follow, max-snippet:-1, max-image-preview:large, max-video-preview:-1\" \/>\n<link rel=\"canonical\" href=\"https:\/\/www.rocketdoorframes.com\/es\/instalacion-e-instrucciones-puerta-corrediza-empotrable\/\" \/>\n<meta property=\"og:locale\" content=\"es_ES\" \/>\n<meta property=\"og:type\" content=\"article\" \/>\n<meta property=\"og:title\" content=\"Instalaci\u00f3n y instrucciones - Puerta corrediza empotrable - Rocket Door Frame\" \/>\n<meta property=\"og:description\" content=\"ESTO ES LO QUE NECESITAS PARA INSTALAR TU KIT DE PUERTA CORREDIZA EMPOTRABLE Echa un vistazo a este video de Rocket Pocket Door a continuaci\u00f3n o descarga nuestras instrucciones de instalaci\u00f3n para ayudarte a instalar tu puerta corrediza empotrable. Las instrucciones incluyen una lista de las herramientas que necesitar\u00e1. Vea el video o despl\u00e1cese hacia [&hellip;]\" \/>\n<meta property=\"og:url\" content=\"https:\/\/www.rocketdoorframes.com\/es\/instalacion-e-instrucciones-puerta-corrediza-empotrable\/\" \/>\n<meta property=\"og:site_name\" content=\"Rocket Door Frame\" \/>\n<meta property=\"article:modified_time\" content=\"2020-11-04T10:24:44+00:00\" \/>\n<meta property=\"og:image\" content=\"http:\/\/www.rocketdoorframes.com\/wp-content\/uploads\/2019\/10\/Double-door-joint_web.jpg\" \/>\n<meta name=\"twitter:card\" content=\"summary_large_image\" \/>\n<meta name=\"twitter:label1\" content=\"Tiempo de lectura\" \/>\n\t<meta name=\"twitter:data1\" content=\"1 minuto\" \/>\n<script type=\"application\/ld+json\" class=\"yoast-schema-graph\">{\"@context\":\"https:\\\/\\\/schema.org\",\"@graph\":[{\"@type\":\"WebPage\",\"@id\":\"https:\\\/\\\/www.rocketdoorframes.com\\\/es\\\/instalacion-e-instrucciones-puerta-corrediza-empotrable\\\/\",\"url\":\"https:\\\/\\\/www.rocketdoorframes.com\\\/es\\\/instalacion-e-instrucciones-puerta-corrediza-empotrable\\\/\",\"name\":\"Instalaci\u00f3n y instrucciones - Puerta corrediza empotrable - Rocket Door Frame\",\"isPartOf\":{\"@id\":\"https:\\\/\\\/www.rocketdoorframes.com\\\/es\\\/#website\"},\"primaryImageOfPage\":{\"@id\":\"https:\\\/\\\/www.rocketdoorframes.com\\\/es\\\/instalacion-e-instrucciones-puerta-corrediza-empotrable\\\/#primaryimage\"},\"image\":{\"@id\":\"https:\\\/\\\/www.rocketdoorframes.com\\\/es\\\/instalacion-e-instrucciones-puerta-corrediza-empotrable\\\/#primaryimage\"},\"thumbnailUrl\":\"http:\\\/\\\/www.rocketdoorframes.com\\\/wp-content\\\/uploads\\\/2019\\\/10\\\/Double-door-joint_web.jpg\",\"datePublished\":\"2020-04-28T12:54:42+00:00\",\"dateModified\":\"2020-11-04T10:24:44+00:00\",\"breadcrumb\":{\"@id\":\"https:\\\/\\\/www.rocketdoorframes.com\\\/es\\\/instalacion-e-instrucciones-puerta-corrediza-empotrable\\\/#breadcrumb\"},\"inLanguage\":\"es\",\"potentialAction\":[{\"@type\":\"ReadAction\",\"target\":[\"https:\\\/\\\/www.rocketdoorframes.com\\\/es\\\/instalacion-e-instrucciones-puerta-corrediza-empotrable\\\/\"]}]},{\"@type\":\"ImageObject\",\"inLanguage\":\"es\",\"@id\":\"https:\\\/\\\/www.rocketdoorframes.com\\\/es\\\/instalacion-e-instrucciones-puerta-corrediza-empotrable\\\/#primaryimage\",\"url\":\"http:\\\/\\\/www.rocketdoorframes.com\\\/wp-content\\\/uploads\\\/2019\\\/10\\\/Double-door-joint_web.jpg\",\"contentUrl\":\"http:\\\/\\\/www.rocketdoorframes.com\\\/wp-content\\\/uploads\\\/2019\\\/10\\\/Double-door-joint_web.jpg\"},{\"@type\":\"BreadcrumbList\",\"@id\":\"https:\\\/\\\/www.rocketdoorframes.com\\\/es\\\/instalacion-e-instrucciones-puerta-corrediza-empotrable\\\/#breadcrumb\",\"itemListElement\":[{\"@type\":\"ListItem\",\"position\":1,\"name\":\"Portada\",\"item\":\"https:\\\/\\\/www.rocketdoorframes.com\\\/es\\\/\"},{\"@type\":\"ListItem\",\"position\":2,\"name\":\"Instalaci\u00f3n y instrucciones &#8211; Puerta corrediza empotrable\"}]},{\"@type\":\"WebSite\",\"@id\":\"https:\\\/\\\/www.rocketdoorframes.com\\\/es\\\/#website\",\"url\":\"https:\\\/\\\/www.rocketdoorframes.com\\\/es\\\/\",\"name\":\"Rocket Door Frame\",\"description\":\"Rocket Door Frames - Pocket Doors\",\"potentialAction\":[{\"@type\":\"SearchAction\",\"target\":{\"@type\":\"EntryPoint\",\"urlTemplate\":\"https:\\\/\\\/www.rocketdoorframes.com\\\/es\\\/?s={search_term_string}\"},\"query-input\":{\"@type\":\"PropertyValueSpecification\",\"valueRequired\":true,\"valueName\":\"search_term_string\"}}],\"inLanguage\":\"es\"}]}<\/script>\n<!-- \/ Yoast SEO plugin. -->","yoast_head_json":{"title":"Instalaci\u00f3n y instrucciones - Puerta corrediza empotrable - Rocket Door Frame","robots":{"index":"index","follow":"follow","max-snippet":"max-snippet:-1","max-image-preview":"max-image-preview:large","max-video-preview":"max-video-preview:-1"},"canonical":"https:\/\/www.rocketdoorframes.com\/es\/instalacion-e-instrucciones-puerta-corrediza-empotrable\/","og_locale":"es_ES","og_type":"article","og_title":"Instalaci\u00f3n y instrucciones - Puerta corrediza empotrable - Rocket Door Frame","og_description":"ESTO ES LO QUE NECESITAS PARA INSTALAR TU KIT DE PUERTA CORREDIZA EMPOTRABLE Echa un vistazo a este video de Rocket Pocket Door a continuaci\u00f3n o descarga nuestras instrucciones de instalaci\u00f3n para ayudarte a instalar tu puerta corrediza empotrable. Las instrucciones incluyen una lista de las herramientas que necesitar\u00e1. Vea el video o despl\u00e1cese hacia [&hellip;]","og_url":"https:\/\/www.rocketdoorframes.com\/es\/instalacion-e-instrucciones-puerta-corrediza-empotrable\/","og_site_name":"Rocket Door Frame","article_modified_time":"2020-11-04T10:24:44+00:00","og_image":[{"url":"http:\/\/www.rocketdoorframes.com\/wp-content\/uploads\/2019\/10\/Double-door-joint_web.jpg","type":"","width":"","height":""}],"twitter_card":"summary_large_image","twitter_misc":{"Tiempo de lectura":"1 minuto"},"schema":{"@context":"https:\/\/schema.org","@graph":[{"@type":"WebPage","@id":"https:\/\/www.rocketdoorframes.com\/es\/instalacion-e-instrucciones-puerta-corrediza-empotrable\/","url":"https:\/\/www.rocketdoorframes.com\/es\/instalacion-e-instrucciones-puerta-corrediza-empotrable\/","name":"Instalaci\u00f3n y instrucciones - Puerta corrediza empotrable - Rocket Door Frame","isPartOf":{"@id":"https:\/\/www.rocketdoorframes.com\/es\/#website"},"primaryImageOfPage":{"@id":"https:\/\/www.rocketdoorframes.com\/es\/instalacion-e-instrucciones-puerta-corrediza-empotrable\/#primaryimage"},"image":{"@id":"https:\/\/www.rocketdoorframes.com\/es\/instalacion-e-instrucciones-puerta-corrediza-empotrable\/#primaryimage"},"thumbnailUrl":"http:\/\/www.rocketdoorframes.com\/wp-content\/uploads\/2019\/10\/Double-door-joint_web.jpg","datePublished":"2020-04-28T12:54:42+00:00","dateModified":"2020-11-04T10:24:44+00:00","breadcrumb":{"@id":"https:\/\/www.rocketdoorframes.com\/es\/instalacion-e-instrucciones-puerta-corrediza-empotrable\/#breadcrumb"},"inLanguage":"es","potentialAction":[{"@type":"ReadAction","target":["https:\/\/www.rocketdoorframes.com\/es\/instalacion-e-instrucciones-puerta-corrediza-empotrable\/"]}]},{"@type":"ImageObject","inLanguage":"es","@id":"https:\/\/www.rocketdoorframes.com\/es\/instalacion-e-instrucciones-puerta-corrediza-empotrable\/#primaryimage","url":"http:\/\/www.rocketdoorframes.com\/wp-content\/uploads\/2019\/10\/Double-door-joint_web.jpg","contentUrl":"http:\/\/www.rocketdoorframes.com\/wp-content\/uploads\/2019\/10\/Double-door-joint_web.jpg"},{"@type":"BreadcrumbList","@id":"https:\/\/www.rocketdoorframes.com\/es\/instalacion-e-instrucciones-puerta-corrediza-empotrable\/#breadcrumb","itemListElement":[{"@type":"ListItem","position":1,"name":"Portada","item":"https:\/\/www.rocketdoorframes.com\/es\/"},{"@type":"ListItem","position":2,"name":"Instalaci\u00f3n y instrucciones &#8211; Puerta corrediza empotrable"}]},{"@type":"WebSite","@id":"https:\/\/www.rocketdoorframes.com\/es\/#website","url":"https:\/\/www.rocketdoorframes.com\/es\/","name":"Rocket Door Frame","description":"Rocket Door Frames - Pocket Doors","potentialAction":[{"@type":"SearchAction","target":{"@type":"EntryPoint","urlTemplate":"https:\/\/www.rocketdoorframes.com\/es\/?s={search_term_string}"},"query-input":{"@type":"PropertyValueSpecification","valueRequired":true,"valueName":"search_term_string"}}],"inLanguage":"es"}]}},"_links":{"self":[{"href":"https:\/\/www.rocketdoorframes.com\/es\/wp-json\/wp\/v2\/pages\/1050","targetHints":{"allow":["GET"]}}],"collection":[{"href":"https:\/\/www.rocketdoorframes.com\/es\/wp-json\/wp\/v2\/pages"}],"about":[{"href":"https:\/\/www.rocketdoorframes.com\/es\/wp-json\/wp\/v2\/types\/page"}],"author":[{"embeddable":true,"href":"https:\/\/www.rocketdoorframes.com\/es\/wp-json\/wp\/v2\/users\/2"}],"replies":[{"embeddable":true,"href":"https:\/\/www.rocketdoorframes.com\/es\/wp-json\/wp\/v2\/comments?post=1050"}],"version-history":[{"count":16,"href":"https:\/\/www.rocketdoorframes.com\/es\/wp-json\/wp\/v2\/pages\/1050\/revisions"}],"predecessor-version":[{"id":1486,"href":"https:\/\/www.rocketdoorframes.com\/es\/wp-json\/wp\/v2\/pages\/1050\/revisions\/1486"}],"wp:attachment":[{"href":"https:\/\/www.rocketdoorframes.com\/es\/wp-json\/wp\/v2\/media?parent=1050"}],"curies":[{"name":"wp","href":"https:\/\/api.w.org\/{rel}","templated":true}]}}