{"id":1048,"date":"2020-04-28T12:40:03","date_gmt":"2020-04-28T10:40:03","guid":{"rendered":"http:\/\/www.rocketdoorframes.com\/informacion-tecnica-puerta-corrediza-empotrada\/"},"modified":"2021-01-26T17:21:01","modified_gmt":"2021-01-26T16:21:01","slug":"informacion-tecnica-puerta-corrediza-empotrada","status":"publish","type":"page","link":"https:\/\/www.rocketdoorframes.com\/es\/informacion-tecnica-puerta-corrediza-empotrada\/","title":{"rendered":"Informaci\u00f3n t\u00e9cnica &#8211; Puerta corrediza empotrada"},"content":{"rendered":"\t\t<div data-elementor-type=\"wp-page\" data-elementor-id=\"1048\" class=\"elementor elementor-1048\" data-elementor-post-type=\"page\">\n\t\t\t\t\t\t<section class=\"elementor-section elementor-top-section elementor-element elementor-element-4a0e219 elementor-section-boxed elementor-section-height-default elementor-section-height-default\" data-id=\"4a0e219\" data-element_type=\"section\" data-e-type=\"section\">\n\t\t\t\t\t\t<div class=\"elementor-container elementor-column-gap-default\">\n\t\t\t\t\t<div class=\"elementor-column elementor-col-100 elementor-top-column elementor-element elementor-element-34474c2f\" data-id=\"34474c2f\" data-element_type=\"column\" data-e-type=\"column\">\n\t\t\t<div class=\"elementor-widget-wrap elementor-element-populated\">\n\t\t\t\t\t\t<div class=\"elementor-element elementor-element-7f67c14d elementor-widget elementor-widget-text-editor\" data-id=\"7f67c14d\" data-element_type=\"widget\" data-e-type=\"widget\" data-widget_type=\"text-editor.default\">\n\t\t\t\t<div class=\"elementor-widget-container\">\n\t\t\t\t\t\t\t\t\t<h2>ELIJA SU KIT PUERTA CORREDIZA EMPOTRADA<\/h2>\n<p><\/p>\n<p><\/p>\n<p>El kit Rocket Pocket viene en 5 tama\u00f1os espec\u00edficos, cada uno hecho para un tama\u00f1o de puerta est\u00e1ndar de EE.UU. para que puedas elegir la puerta que quieras y se ajuste a la primera vez, \u00a1cada vez!<\/p>\n<p><\/p>\n<p><\/p>\n<p>El peso m\u00e1ximo de la puerta es de 130 libras, lo que cubre la mayor\u00eda de las puertas est\u00e1ndar. Para una puerta doble s\u00f3lo compra dos kit SIMPLES; vienen con un soporte de uni\u00f3n completamente gratis con cada unidad.<\/p>\n<p><\/p>\n<p><\/p>\n<p>As\u00ed que puedes elegir el tama\u00f1o del panel de la puerta en la tabla de abajo o si el espacio total es el factor m\u00e1s importante, entonces encuentra el m\u00e1s cercano y ver\u00e1s qu\u00e9 tama\u00f1o de puerta necesitas comprar. Es realmente simple!<\/p>\n<p><\/p>\n<p><\/p>\n<figure class=\"wp-block-image size-large is-resized\"><img fetchpriority=\"high\" decoding=\"async\" class=\"aligncenter wp-image-1305 size-large\" src=\"http:\/\/www.rocketdoorframes.com\/wp-content\/uploads\/2020\/09\/RDF_US_22_Table-1024x480.png\" alt=\"\" width=\"1024\" height=\"451\" \/><\/figure>\n<p><\/p>\n<p><\/p>\n<div class=\"wp-block-spacer\" style=\"height: 50px;\" aria-hidden=\"true\"><\/div>\n<p><\/p>\n<p><\/p>\n<h2>QU\u00c9 SE OBTIENE CON EL KIT<\/h2>\n<p><\/p>\n<p><\/p>\n<ul>\n<li>Un <strong>armaz\u00f3n completo de acero<\/strong> galvanizado y un <strong>riel de desliziamento<\/strong> integral, ambos resistentes a la corrosi\u00f3n.<\/li>\n<li>Un conjunto de <strong>carros<\/strong>, cada uno con dos rodamientos de acero al cromo \u00absellados de por vida\u00bb.<\/li>\n<li>Se incluye un <strong>sistema de frenos<\/strong> de acero como est\u00e1ndar que frena el cierre de la puerta en condiciones de uso normal.<\/li>\n<li><strong>Soportes para fijar la puerta<\/strong> a los carros, estos tienen la posibilidad de ajustar hasta 3\/10\u2033 para que su puerta pueda estar a la altura perfecta (recuerde siempre instalar su armazon a nivel del suelo terminado)<\/li>\n<li>Tambi\u00e9n se incluyen <strong>tornillos<\/strong> de 3\/4 pulg. para fijar la placa de yeso al armaz\u00f3n. Estos son importantes ya que son del tama\u00f1o adecuado para fijar la placa y no sobresalen demasiado con el riesgo de rayar la puerta.<\/li>\n<li><strong><a href=\"http:\/\/www.rocketdoorframes.com\/wp-content\/uploads\/2020\/11\/RDF_US_warranty_EN.pdf\" target=\"_blank\" rel=\"noopener\">Garant\u00eda de por vida<\/a><\/strong> contra defectos de fabricaci\u00f3n y materiales.<\/li>\n<\/ul>\n<p><\/p>\n<p><\/p>\n<p>As\u00ed que eso es todo, todo lo que necesitas para convertir una puerta de tu elecci\u00f3n en una puerta de bolsillo. S\u00f3lo tiene que suministrar la puerta, el cart\u00f3n yeso y las jambas de madera que elija.<\/p>\n<p><\/p>\n<p><\/p>\n<p><a href=\"http:\/\/www.rocketdoorframes.com\/wp-content\/uploads\/2020\/11\/RDF_US_Instructions_jambs.pdf\" target=\"_blank\" rel=\"noopener\">Ver Jambas para puertas corredizas Rocket<\/a><\/p>\n<p><\/p>\n<p><\/p>\n<h2 id=\"ads\">POR QU\u00c9 COMPRAR UNA PUERTA CORREDIZA EMPOTRADA ROCKET &#8211; LAS VENTAJAS EST\u00c1N AQU\u00cd&#8230;.<\/h2>\n<p><\/p>\n<p><\/p>\n<p><\/p>\n<figure class=\"wp-block-table\">\n<table>\n<tbody>\n<tr>\n<td>Los montantes y horizontales de acero galvanizado precortados forman el bolsillo, as\u00ed que no hay riesgo de que se deforme como en el caso de la madera.<\/td>\n<td>Los soportes f\u00e1ciles de usar se atornillan directamente a la estructura de la pared, y tambi\u00e9n de posicionar la placa de yeso.<\/td>\n<\/tr>\n<tr>\n<td>El kit Rocket Pocket se ajusta a la mayor\u00eda de los tama\u00f1os de puertas est\u00e1ndar de EE.UU. Puedes comprar un kit que se ajuste al tama\u00f1o exacto de tu puerta, as\u00ed que no hay que cortar, recortar o ajustar para que el armaz\u00f3n encaje.<\/td>\n<td>No hay una pista en el suelo, as\u00ed que puedes continuar la superficie del suelo a trav\u00e9s de la puerta sin umbral. Tiene una entrada del armaz\u00f3n ajustable para que puedas usar la puerta de 1 3\/8\u2033 y 1 3\/4\u2033 de grosor .<\/td>\n<\/tr>\n<tr>\n<td>El freno de la puerta, hecho de acero especial, asegura que durante el uso normal la puerta no se golpee contra el poste de la puerta.<\/td>\n<td>Nuestros carros de deslizamiento con cojinetes de bolas garantizan un deslizamiento duradero \u00absellado de por vida &#8230;que se han mantenido durante a\u00f1os de placer de deslizamiento.<\/td>\n<\/tr>\n<\/tbody>\n<\/table>\n<\/figure>\n\t\t\t\t\t\t\t\t<\/div>\n\t\t\t\t<\/div>\n\t\t\t\t\t<\/div>\n\t\t<\/div>\n\t\t\t\t\t<\/div>\n\t\t<\/section>\n\t\t\t\t<\/div>\n\t\t","protected":false},"excerpt":{"rendered":"<p>ELIJA SU KIT PUERTA CORREDIZA EMPOTRADA El kit Rocket Pocket viene en 5 tama\u00f1os espec\u00edficos, cada uno hecho para un tama\u00f1o de puerta est\u00e1ndar de EE.UU. para que puedas elegir la puerta que quieras y se ajuste a la primera vez, \u00a1cada vez! El peso m\u00e1ximo de la puerta es de 130 libras, lo que [&hellip;]<\/p>\n","protected":false},"author":2,"featured_media":0,"parent":0,"menu_order":0,"comment_status":"closed","ping_status":"closed","template":"","meta":{"_seopress_robots_primary_cat":"","_seopress_titles_title":"","_seopress_titles_desc":"","_seopress_robots_index":"","footnotes":""},"class_list":["post-1048","page","type-page","status-publish","hentry"],"yoast_head":"<!-- This site is optimized with the Yoast SEO plugin v27.3 - https:\/\/yoast.com\/product\/yoast-seo-wordpress\/ -->\n<title>Informaci\u00f3n t\u00e9cnica - Puerta corrediza empotrada - Rocket Door Frame<\/title>\n<meta name=\"robots\" content=\"index, follow, max-snippet:-1, max-image-preview:large, max-video-preview:-1\" \/>\n<link rel=\"canonical\" href=\"https:\/\/www.rocketdoorframes.com\/es\/informacion-tecnica-puerta-corrediza-empotrada\/\" \/>\n<meta property=\"og:locale\" content=\"es_ES\" \/>\n<meta property=\"og:type\" content=\"article\" \/>\n<meta property=\"og:title\" content=\"Informaci\u00f3n t\u00e9cnica - Puerta corrediza empotrada - Rocket Door Frame\" \/>\n<meta property=\"og:description\" content=\"ELIJA SU KIT PUERTA CORREDIZA EMPOTRADA El kit Rocket Pocket viene en 5 tama\u00f1os espec\u00edficos, cada uno hecho para un tama\u00f1o de puerta est\u00e1ndar de EE.UU. para que puedas elegir la puerta que quieras y se ajuste a la primera vez, \u00a1cada vez! El peso m\u00e1ximo de la puerta es de 130 libras, lo que [&hellip;]\" \/>\n<meta property=\"og:url\" content=\"https:\/\/www.rocketdoorframes.com\/es\/informacion-tecnica-puerta-corrediza-empotrada\/\" \/>\n<meta property=\"og:site_name\" content=\"Rocket Door Frame\" \/>\n<meta property=\"article:modified_time\" content=\"2021-01-26T16:21:01+00:00\" \/>\n<meta property=\"og:image\" content=\"http:\/\/www.rocketdoorframes.com\/wp-content\/uploads\/2020\/09\/RDF_US_22_Table-1024x480.png\" \/>\n<meta name=\"twitter:card\" content=\"summary_large_image\" \/>\n<meta name=\"twitter:label1\" content=\"Tiempo de lectura\" \/>\n\t<meta name=\"twitter:data1\" content=\"3 minutos\" \/>\n<script type=\"application\/ld+json\" class=\"yoast-schema-graph\">{\"@context\":\"https:\\\/\\\/schema.org\",\"@graph\":[{\"@type\":\"WebPage\",\"@id\":\"https:\\\/\\\/www.rocketdoorframes.com\\\/es\\\/informacion-tecnica-puerta-corrediza-empotrada\\\/\",\"url\":\"https:\\\/\\\/www.rocketdoorframes.com\\\/es\\\/informacion-tecnica-puerta-corrediza-empotrada\\\/\",\"name\":\"Informaci\u00f3n t\u00e9cnica - Puerta corrediza empotrada - Rocket Door Frame\",\"isPartOf\":{\"@id\":\"https:\\\/\\\/www.rocketdoorframes.com\\\/es\\\/#website\"},\"primaryImageOfPage\":{\"@id\":\"https:\\\/\\\/www.rocketdoorframes.com\\\/es\\\/informacion-tecnica-puerta-corrediza-empotrada\\\/#primaryimage\"},\"image\":{\"@id\":\"https:\\\/\\\/www.rocketdoorframes.com\\\/es\\\/informacion-tecnica-puerta-corrediza-empotrada\\\/#primaryimage\"},\"thumbnailUrl\":\"http:\\\/\\\/www.rocketdoorframes.com\\\/wp-content\\\/uploads\\\/2020\\\/09\\\/RDF_US_22_Table-1024x480.png\",\"datePublished\":\"2020-04-28T10:40:03+00:00\",\"dateModified\":\"2021-01-26T16:21:01+00:00\",\"breadcrumb\":{\"@id\":\"https:\\\/\\\/www.rocketdoorframes.com\\\/es\\\/informacion-tecnica-puerta-corrediza-empotrada\\\/#breadcrumb\"},\"inLanguage\":\"es\",\"potentialAction\":[{\"@type\":\"ReadAction\",\"target\":[\"https:\\\/\\\/www.rocketdoorframes.com\\\/es\\\/informacion-tecnica-puerta-corrediza-empotrada\\\/\"]}]},{\"@type\":\"ImageObject\",\"inLanguage\":\"es\",\"@id\":\"https:\\\/\\\/www.rocketdoorframes.com\\\/es\\\/informacion-tecnica-puerta-corrediza-empotrada\\\/#primaryimage\",\"url\":\"http:\\\/\\\/www.rocketdoorframes.com\\\/wp-content\\\/uploads\\\/2020\\\/09\\\/RDF_US_22_Table-1024x480.png\",\"contentUrl\":\"http:\\\/\\\/www.rocketdoorframes.com\\\/wp-content\\\/uploads\\\/2020\\\/09\\\/RDF_US_22_Table-1024x480.png\"},{\"@type\":\"BreadcrumbList\",\"@id\":\"https:\\\/\\\/www.rocketdoorframes.com\\\/es\\\/informacion-tecnica-puerta-corrediza-empotrada\\\/#breadcrumb\",\"itemListElement\":[{\"@type\":\"ListItem\",\"position\":1,\"name\":\"Portada\",\"item\":\"https:\\\/\\\/www.rocketdoorframes.com\\\/es\\\/\"},{\"@type\":\"ListItem\",\"position\":2,\"name\":\"Informaci\u00f3n t\u00e9cnica &#8211; Puerta corrediza empotrada\"}]},{\"@type\":\"WebSite\",\"@id\":\"https:\\\/\\\/www.rocketdoorframes.com\\\/es\\\/#website\",\"url\":\"https:\\\/\\\/www.rocketdoorframes.com\\\/es\\\/\",\"name\":\"Rocket Door Frame\",\"description\":\"Rocket Door Frames - Pocket Doors\",\"potentialAction\":[{\"@type\":\"SearchAction\",\"target\":{\"@type\":\"EntryPoint\",\"urlTemplate\":\"https:\\\/\\\/www.rocketdoorframes.com\\\/es\\\/?s={search_term_string}\"},\"query-input\":{\"@type\":\"PropertyValueSpecification\",\"valueRequired\":true,\"valueName\":\"search_term_string\"}}],\"inLanguage\":\"es\"}]}<\/script>\n<!-- \/ Yoast SEO plugin. -->","yoast_head_json":{"title":"Informaci\u00f3n t\u00e9cnica - Puerta corrediza empotrada - Rocket Door Frame","robots":{"index":"index","follow":"follow","max-snippet":"max-snippet:-1","max-image-preview":"max-image-preview:large","max-video-preview":"max-video-preview:-1"},"canonical":"https:\/\/www.rocketdoorframes.com\/es\/informacion-tecnica-puerta-corrediza-empotrada\/","og_locale":"es_ES","og_type":"article","og_title":"Informaci\u00f3n t\u00e9cnica - Puerta corrediza empotrada - Rocket Door Frame","og_description":"ELIJA SU KIT PUERTA CORREDIZA EMPOTRADA El kit Rocket Pocket viene en 5 tama\u00f1os espec\u00edficos, cada uno hecho para un tama\u00f1o de puerta est\u00e1ndar de EE.UU. para que puedas elegir la puerta que quieras y se ajuste a la primera vez, \u00a1cada vez! El peso m\u00e1ximo de la puerta es de 130 libras, lo que [&hellip;]","og_url":"https:\/\/www.rocketdoorframes.com\/es\/informacion-tecnica-puerta-corrediza-empotrada\/","og_site_name":"Rocket Door Frame","article_modified_time":"2021-01-26T16:21:01+00:00","og_image":[{"url":"http:\/\/www.rocketdoorframes.com\/wp-content\/uploads\/2020\/09\/RDF_US_22_Table-1024x480.png","type":"","width":"","height":""}],"twitter_card":"summary_large_image","twitter_misc":{"Tiempo de lectura":"3 minutos"},"schema":{"@context":"https:\/\/schema.org","@graph":[{"@type":"WebPage","@id":"https:\/\/www.rocketdoorframes.com\/es\/informacion-tecnica-puerta-corrediza-empotrada\/","url":"https:\/\/www.rocketdoorframes.com\/es\/informacion-tecnica-puerta-corrediza-empotrada\/","name":"Informaci\u00f3n t\u00e9cnica - Puerta corrediza empotrada - Rocket Door Frame","isPartOf":{"@id":"https:\/\/www.rocketdoorframes.com\/es\/#website"},"primaryImageOfPage":{"@id":"https:\/\/www.rocketdoorframes.com\/es\/informacion-tecnica-puerta-corrediza-empotrada\/#primaryimage"},"image":{"@id":"https:\/\/www.rocketdoorframes.com\/es\/informacion-tecnica-puerta-corrediza-empotrada\/#primaryimage"},"thumbnailUrl":"http:\/\/www.rocketdoorframes.com\/wp-content\/uploads\/2020\/09\/RDF_US_22_Table-1024x480.png","datePublished":"2020-04-28T10:40:03+00:00","dateModified":"2021-01-26T16:21:01+00:00","breadcrumb":{"@id":"https:\/\/www.rocketdoorframes.com\/es\/informacion-tecnica-puerta-corrediza-empotrada\/#breadcrumb"},"inLanguage":"es","potentialAction":[{"@type":"ReadAction","target":["https:\/\/www.rocketdoorframes.com\/es\/informacion-tecnica-puerta-corrediza-empotrada\/"]}]},{"@type":"ImageObject","inLanguage":"es","@id":"https:\/\/www.rocketdoorframes.com\/es\/informacion-tecnica-puerta-corrediza-empotrada\/#primaryimage","url":"http:\/\/www.rocketdoorframes.com\/wp-content\/uploads\/2020\/09\/RDF_US_22_Table-1024x480.png","contentUrl":"http:\/\/www.rocketdoorframes.com\/wp-content\/uploads\/2020\/09\/RDF_US_22_Table-1024x480.png"},{"@type":"BreadcrumbList","@id":"https:\/\/www.rocketdoorframes.com\/es\/informacion-tecnica-puerta-corrediza-empotrada\/#breadcrumb","itemListElement":[{"@type":"ListItem","position":1,"name":"Portada","item":"https:\/\/www.rocketdoorframes.com\/es\/"},{"@type":"ListItem","position":2,"name":"Informaci\u00f3n t\u00e9cnica &#8211; Puerta corrediza empotrada"}]},{"@type":"WebSite","@id":"https:\/\/www.rocketdoorframes.com\/es\/#website","url":"https:\/\/www.rocketdoorframes.com\/es\/","name":"Rocket Door Frame","description":"Rocket Door Frames - Pocket Doors","potentialAction":[{"@type":"SearchAction","target":{"@type":"EntryPoint","urlTemplate":"https:\/\/www.rocketdoorframes.com\/es\/?s={search_term_string}"},"query-input":{"@type":"PropertyValueSpecification","valueRequired":true,"valueName":"search_term_string"}}],"inLanguage":"es"}]}},"_links":{"self":[{"href":"https:\/\/www.rocketdoorframes.com\/es\/wp-json\/wp\/v2\/pages\/1048","targetHints":{"allow":["GET"]}}],"collection":[{"href":"https:\/\/www.rocketdoorframes.com\/es\/wp-json\/wp\/v2\/pages"}],"about":[{"href":"https:\/\/www.rocketdoorframes.com\/es\/wp-json\/wp\/v2\/types\/page"}],"author":[{"embeddable":true,"href":"https:\/\/www.rocketdoorframes.com\/es\/wp-json\/wp\/v2\/users\/2"}],"replies":[{"embeddable":true,"href":"https:\/\/www.rocketdoorframes.com\/es\/wp-json\/wp\/v2\/comments?post=1048"}],"version-history":[{"count":52,"href":"https:\/\/www.rocketdoorframes.com\/es\/wp-json\/wp\/v2\/pages\/1048\/revisions"}],"predecessor-version":[{"id":1635,"href":"https:\/\/www.rocketdoorframes.com\/es\/wp-json\/wp\/v2\/pages\/1048\/revisions\/1635"}],"wp:attachment":[{"href":"https:\/\/www.rocketdoorframes.com\/es\/wp-json\/wp\/v2\/media?parent=1048"}],"curies":[{"name":"wp","href":"https:\/\/api.w.org\/{rel}","templated":true}]}}